{"id":18848,"date":"2025-09-05T13:05:42","date_gmt":"2025-09-05T11:05:42","guid":{"rendered":"https:\/\/teemanditikand.ee\/?post_type=product&#038;p=18848"},"modified":"2025-09-05T13:05:42","modified_gmt":"2025-09-05T11:05:42","slug":"papagoid-30x40-cm-25x35-3","status":"publish","type":"product","link":"https:\/\/teemanditikand.ee\/lt\/produktas\/papagoid-30x40-cm-25x35-3\/","title":{"rendered":"Pap\u016bgos 30\u00d740 cm (25\u00d735)"},"content":{"rendered":"","protected":false},"excerpt":{"rendered":"<p><strong>Visi m\u016bs\u0173 parduodami deimantiniai siuvin\u0117jimai yra su:<\/strong><br \/>\n<strong>Auk\u0161tos kokyb\u0117s pagrindas (su klijais), kuriame tvirtinami deimantai, akriliniai deimantai, pagrindas deimantams laikyti, tvirtinimo ra\u0161iklis su pir\u0161t\u0173 amortizacija ir va\u0161kas tvirtinimo ra\u0161ikliui<\/strong><\/p>","protected":false},"featured_media":18849,"template":"","meta":[],"product_brand":[],"product_cat":[74,20,65],"product_tag":[],"class_list":{"0":"post-18848","1":"product","2":"type-product","3":"status-publish","4":"has-post-thumbnail","6":"product_cat-25x35-cm","7":"product_cat-30x40cm","8":"product_cat-linnud","9":"thunk-woo-product-list","10":"opn-qv-enable","11":"open-woo-hover-none","12":"open-single-product-tab-horizontal","13":"open-shadow-","14":"open-shadow-hover-","16":"first","17":"instock","18":"shipping-taxable","19":"purchasable","20":"product-type-simple"},"_links":{"self":[{"href":"https:\/\/teemanditikand.ee\/lt\/wp-json\/wp\/v2\/product\/18848","targetHints":{"allow":["GET"]}}],"collection":[{"href":"https:\/\/teemanditikand.ee\/lt\/wp-json\/wp\/v2\/product"}],"about":[{"href":"https:\/\/teemanditikand.ee\/lt\/wp-json\/wp\/v2\/types\/product"}],"wp:featuredmedia":[{"embeddable":true,"href":"https:\/\/teemanditikand.ee\/lt\/wp-json\/wp\/v2\/media\/18849"}],"wp:attachment":[{"href":"https:\/\/teemanditikand.ee\/lt\/wp-json\/wp\/v2\/media?parent=18848"}],"wp:term":[{"taxonomy":"product_brand","embeddable":true,"href":"https:\/\/teemanditikand.ee\/lt\/wp-json\/wp\/v2\/product_brand?post=18848"},{"taxonomy":"product_cat","embeddable":true,"href":"https:\/\/teemanditikand.ee\/lt\/wp-json\/wp\/v2\/product_cat?post=18848"},{"taxonomy":"product_tag","embeddable":true,"href":"https:\/\/teemanditikand.ee\/lt\/wp-json\/wp\/v2\/product_tag?post=18848"}],"curies":[{"name":"wp","href":"https:\/\/api.w.org\/{rel}","templated":true}]}}