{"id":19028,"date":"2025-09-24T07:31:15","date_gmt":"2025-09-24T05:31:15","guid":{"rendered":"https:\/\/teemanditikand.ee\/?post_type=product&#038;p=19028"},"modified":"2025-09-24T07:31:16","modified_gmt":"2025-09-24T05:31:16","slug":"ookull-30x40-cm-25x35-3","status":"publish","type":"product","link":"https:\/\/teemanditikand.ee\/lt\/produktas\/ookull-30x40-cm-25x35-3\/","title":{"rendered":"Pel\u0117da 30\u00d740 cm (25\u00d735)"},"content":{"rendered":"","protected":false},"excerpt":{"rendered":"<p><strong>Visi m\u016bs\u0173 parduodami deimantiniai siuvin\u0117jimai komplektuojami su: Auk\u0161tos kokyb\u0117s pagrindu (su klijais), kur tvirtinate deimantus, akrilinius deimantus, pagrind\u0105 deimantams laikyti, montavimo ra\u0161ikl\u012f, va\u0161k\u0105 montavimo ra\u0161ikliui<\/strong><\/p>","protected":false},"featured_media":19026,"template":"","meta":[],"product_brand":[],"product_cat":[74,20,65,56],"product_tag":[],"class_list":{"0":"post-19028","1":"product","2":"type-product","3":"status-publish","4":"has-post-thumbnail","6":"product_cat-25x35-cm","7":"product_cat-30x40cm","8":"product_cat-linnud","9":"product_cat-loodus","10":"thunk-woo-product-list","11":"opn-qv-enable","12":"open-woo-hover-none","13":"open-single-product-tab-horizontal","14":"open-shadow-","15":"open-shadow-hover-","17":"first","18":"instock","19":"shipping-taxable","20":"purchasable","21":"product-type-simple"},"_links":{"self":[{"href":"https:\/\/teemanditikand.ee\/lt\/wp-json\/wp\/v2\/product\/19028","targetHints":{"allow":["GET"]}}],"collection":[{"href":"https:\/\/teemanditikand.ee\/lt\/wp-json\/wp\/v2\/product"}],"about":[{"href":"https:\/\/teemanditikand.ee\/lt\/wp-json\/wp\/v2\/types\/product"}],"wp:featuredmedia":[{"embeddable":true,"href":"https:\/\/teemanditikand.ee\/lt\/wp-json\/wp\/v2\/media\/19026"}],"wp:attachment":[{"href":"https:\/\/teemanditikand.ee\/lt\/wp-json\/wp\/v2\/media?parent=19028"}],"wp:term":[{"taxonomy":"product_brand","embeddable":true,"href":"https:\/\/teemanditikand.ee\/lt\/wp-json\/wp\/v2\/product_brand?post=19028"},{"taxonomy":"product_cat","embeddable":true,"href":"https:\/\/teemanditikand.ee\/lt\/wp-json\/wp\/v2\/product_cat?post=19028"},{"taxonomy":"product_tag","embeddable":true,"href":"https:\/\/teemanditikand.ee\/lt\/wp-json\/wp\/v2\/product_tag?post=19028"}],"curies":[{"name":"wp","href":"https:\/\/api.w.org\/{rel}","templated":true}]}}