{"id":19154,"date":"2025-09-30T08:52:14","date_gmt":"2025-09-30T06:52:14","guid":{"rendered":"https:\/\/teemanditikand.ee\/?post_type=product&#038;p=19154"},"modified":"2025-09-30T08:52:14","modified_gmt":"2025-09-30T06:52:14","slug":"tellimisega-8-kuumaalused-liblikad","status":"publish","type":"product","link":"https:\/\/teemanditikand.ee\/lt\/produktas\/tellimisega-8-kuumaalused-liblikad\/","title":{"rendered":"TELLIMISEGA! 8 kuumaalused liblikad"},"content":{"rendered":"","protected":false},"excerpt":{"rendered":"<div id=\"tw-ob\" class=\"tw-src-ltr\">\n<div class=\"oSioSc\">\n<div id=\"tw-target\">\n<div id=\"kAz1tf\" class=\"g9WsWb PZPZlf\" data-attrid=\"tw-targetArea\" data-entityname=\"Google Translate\">\n<div class=\"iYB33c\">\n<div id=\"tw-tmenu\" class=\"tw-menu\"><strong>D\u0116MESIO!<\/strong><\/div>\n<\/div>\n<\/div>\n<\/div>\n<\/div>\n<\/div>\n<div class=\"dURPtb\">\n<p><strong>V\u00d5IB JUHTUDA NII KA ET EI OLE TEHASES SAADAVAL.<\/strong><br \/>\n<strong>\u0160ios prek\u0117s n\u0117ra m\u016bs\u0173 sand\u0117lyje vietoje, prek\u0117 gaminama pagal u\u017esakym\u0105.<\/strong><br \/>\n<strong>EELDATAV TARNEAEG 3-4 N\u00c4DALAT.<\/strong><\/p>\n<p>Visi m\u016bs\u0173 parduodami deimantiniai siuvin\u0117jimai yra su:<br \/>\nAuk\u0161tos kokyb\u0117s pagrindas (su klijais), kuriame tvirtinami deimantai, akriliniai deimantai, pagrindas deimantams laikyti, tvirtinimo ra\u0161iklis su pir\u0161t\u0173 amortizacija ir va\u0161kas tvirtinimo ra\u0161ikliui<\/p>\n<\/div>","protected":false},"featured_media":19155,"template":"","meta":[],"product_brand":[],"product_cat":[49,75],"product_tag":[],"class_list":{"0":"post-19154","1":"product","2":"type-product","3":"status-publish","4":"has-post-thumbnail","6":"product_cat-muud-tooted","7":"product_cat-tellimisega","8":"thunk-woo-product-list","9":"opn-qv-enable","10":"open-woo-hover-none","11":"open-single-product-tab-horizontal","12":"open-shadow-","13":"open-shadow-hover-","15":"first","16":"instock","17":"shipping-taxable","18":"purchasable","19":"product-type-simple"},"_links":{"self":[{"href":"https:\/\/teemanditikand.ee\/lt\/wp-json\/wp\/v2\/product\/19154","targetHints":{"allow":["GET"]}}],"collection":[{"href":"https:\/\/teemanditikand.ee\/lt\/wp-json\/wp\/v2\/product"}],"about":[{"href":"https:\/\/teemanditikand.ee\/lt\/wp-json\/wp\/v2\/types\/product"}],"wp:featuredmedia":[{"embeddable":true,"href":"https:\/\/teemanditikand.ee\/lt\/wp-json\/wp\/v2\/media\/19155"}],"wp:attachment":[{"href":"https:\/\/teemanditikand.ee\/lt\/wp-json\/wp\/v2\/media?parent=19154"}],"wp:term":[{"taxonomy":"product_brand","embeddable":true,"href":"https:\/\/teemanditikand.ee\/lt\/wp-json\/wp\/v2\/product_brand?post=19154"},{"taxonomy":"product_cat","embeddable":true,"href":"https:\/\/teemanditikand.ee\/lt\/wp-json\/wp\/v2\/product_cat?post=19154"},{"taxonomy":"product_tag","embeddable":true,"href":"https:\/\/teemanditikand.ee\/lt\/wp-json\/wp\/v2\/product_tag?post=19154"}],"curies":[{"name":"wp","href":"https:\/\/api.w.org\/{rel}","templated":true}]}}