{"id":19260,"date":"2025-09-30T14:03:11","date_gmt":"2025-09-30T12:03:11","guid":{"rendered":"https:\/\/teemanditikand.ee\/?post_type=product&#038;p=19260"},"modified":"2025-09-30T14:07:39","modified_gmt":"2025-09-30T12:07:39","slug":"piiratud-kogus-ja-tellimisega-ukssarvik3-raam-kaasas","status":"publish","type":"product","link":"https:\/\/teemanditikand.ee\/lt\/produktas\/piiratud-kogus-ja-tellimisega-ukssarvik3-raam-kaasas\/","title":{"rendered":"PIIRATUD KOGUS JA TELLIMISEGA! \u00dckssarvik3 (RAAM KAASAS)"},"content":{"rendered":"","protected":false},"excerpt":{"rendered":"<div class=\"user-content\">\n<div>\n<div class=\"content-with-translation\">\n<div class=\"session-translate util-clearfix\"><strong>T\u00c4HELEPANU! PIIRATUD KOGUS.<\/strong><\/div>\n<\/div>\n<\/div>\n<\/div>\n<div class=\"message-flow-menu-box rec\">\n<p><strong>V\u00d5IB JUHTUDA NII KA ET EI OLE TEHASES SAADAVAL.<\/strong><br \/>\n<strong>\u0160ios prek\u0117s n\u0117ra m\u016bs\u0173 sand\u0117lyje vietoje, prek\u0117 gaminama pagal u\u017esakym\u0105.<\/strong><br \/>\n<strong>EELDATAV TARNEAEG 3-4 N\u00c4DALAT.<\/strong><\/p>\n<p>Visi m\u016bs\u0173 parduodami deimantiniai siuvin\u0117jimai yra su:<br \/>\nAuk\u0161tos kokyb\u0117s pagrindas (su klijais), kuriame tvirtinami deimantai, akriliniai deimantai, pagrindas deimantams laikyti, tvirtinimo ra\u0161iklis su pir\u0161t\u0173 amortizacija ir va\u0161kas tvirtinimo ra\u0161ikliui<\/p>\n<\/div>","protected":false},"featured_media":19262,"template":"","meta":[],"product_brand":[],"product_cat":[51,75],"product_tag":[],"class_list":{"0":"post-19260","1":"product","2":"type-product","3":"status-publish","4":"has-post-thumbnail","6":"product_cat-lastele-teemandikandid","7":"product_cat-tellimisega","8":"thunk-woo-product-list","9":"opn-qv-enable","10":"open-woo-hover-none","11":"open-single-product-tab-horizontal","12":"open-shadow-","13":"open-shadow-hover-","15":"first","16":"instock","17":"shipping-taxable","18":"purchasable","19":"product-type-simple"},"_links":{"self":[{"href":"https:\/\/teemanditikand.ee\/lt\/wp-json\/wp\/v2\/product\/19260","targetHints":{"allow":["GET"]}}],"collection":[{"href":"https:\/\/teemanditikand.ee\/lt\/wp-json\/wp\/v2\/product"}],"about":[{"href":"https:\/\/teemanditikand.ee\/lt\/wp-json\/wp\/v2\/types\/product"}],"wp:featuredmedia":[{"embeddable":true,"href":"https:\/\/teemanditikand.ee\/lt\/wp-json\/wp\/v2\/media\/19262"}],"wp:attachment":[{"href":"https:\/\/teemanditikand.ee\/lt\/wp-json\/wp\/v2\/media?parent=19260"}],"wp:term":[{"taxonomy":"product_brand","embeddable":true,"href":"https:\/\/teemanditikand.ee\/lt\/wp-json\/wp\/v2\/product_brand?post=19260"},{"taxonomy":"product_cat","embeddable":true,"href":"https:\/\/teemanditikand.ee\/lt\/wp-json\/wp\/v2\/product_cat?post=19260"},{"taxonomy":"product_tag","embeddable":true,"href":"https:\/\/teemanditikand.ee\/lt\/wp-json\/wp\/v2\/product_tag?post=19260"}],"curies":[{"name":"wp","href":"https:\/\/api.w.org\/{rel}","templated":true}]}}