{"id":19300,"date":"2025-10-01T17:59:46","date_gmt":"2025-10-01T15:59:46","guid":{"rendered":"https:\/\/teemanditikand.ee\/?post_type=product&#038;p=19300"},"modified":"2025-10-03T20:33:20","modified_gmt":"2025-10-03T18:33:20","slug":"tellimisega-lillad-tulbid-60x70-cm","status":"publish","type":"product","link":"https:\/\/teemanditikand.ee\/lt\/produktas\/tellimisega-lillad-tulbid-60x70-cm\/","title":{"rendered":"TELLIMISEGA! Lillad Tulbid 60&#215;80 cm"},"content":{"rendered":"","protected":false},"excerpt":{"rendered":"<div class=\"user-content\">\n<div>\n<div class=\"content-with-translation\">\n<div class=\"session-translate util-clearfix\"><strong>D\u0116MESIO!<\/strong><\/div>\n<div class=\"session-translate util-clearfix\"><strong>\u0160ios prek\u0117s n\u0117ra m\u016bs\u0173 sand\u0117lyje vietoje, prek\u0117 gaminama pagal u\u017esakym\u0105.<\/strong><br \/>\n<strong>EELDATAV TARNEAEG 3-4 N\u00c4DALAT.<\/strong><\/div>\n<\/div>\n<\/div>\n<\/div>\n<div class=\"message-flow-menu-box rec\">\n<p>Visi m\u016bs\u0173 parduodami deimantiniai siuvin\u0117jimai yra su:<br \/>\nAuk\u0161tos kokyb\u0117s pagrindas (su klijais), kuriame tvirtinami deimantai, akriliniai deimantai, pagrindas deimantams laikyti, tvirtinimo ra\u0161iklis su pir\u0161t\u0173 amortizacija ir va\u0161kas tvirtinimo ra\u0161ikliui<\/p>\n<\/div>","protected":false},"featured_media":19303,"template":"","meta":[],"product_brand":[],"product_cat":[39,60,75],"product_tag":[],"class_list":{"0":"post-19300","1":"product","2":"type-product","3":"status-publish","4":"has-post-thumbnail","6":"product_cat-60x80-cm","7":"product_cat-lilled","8":"product_cat-tellimisega","9":"thunk-woo-product-list","10":"opn-qv-enable","11":"open-woo-hover-none","12":"open-single-product-tab-horizontal","13":"open-shadow-","14":"open-shadow-hover-","16":"first","17":"instock","18":"shipping-taxable","19":"purchasable","20":"product-type-variable"},"_links":{"self":[{"href":"https:\/\/teemanditikand.ee\/lt\/wp-json\/wp\/v2\/product\/19300","targetHints":{"allow":["GET"]}}],"collection":[{"href":"https:\/\/teemanditikand.ee\/lt\/wp-json\/wp\/v2\/product"}],"about":[{"href":"https:\/\/teemanditikand.ee\/lt\/wp-json\/wp\/v2\/types\/product"}],"wp:featuredmedia":[{"embeddable":true,"href":"https:\/\/teemanditikand.ee\/lt\/wp-json\/wp\/v2\/media\/19303"}],"wp:attachment":[{"href":"https:\/\/teemanditikand.ee\/lt\/wp-json\/wp\/v2\/media?parent=19300"}],"wp:term":[{"taxonomy":"product_brand","embeddable":true,"href":"https:\/\/teemanditikand.ee\/lt\/wp-json\/wp\/v2\/product_brand?post=19300"},{"taxonomy":"product_cat","embeddable":true,"href":"https:\/\/teemanditikand.ee\/lt\/wp-json\/wp\/v2\/product_cat?post=19300"},{"taxonomy":"product_tag","embeddable":true,"href":"https:\/\/teemanditikand.ee\/lt\/wp-json\/wp\/v2\/product_tag?post=19300"}],"curies":[{"name":"wp","href":"https:\/\/api.w.org\/{rel}","templated":true}]}}