{"id":19612,"date":"2025-10-26T19:56:00","date_gmt":"2025-10-26T17:56:00","guid":{"rendered":"https:\/\/teemanditikand.ee\/?post_type=product&#038;p=19612"},"modified":"2026-04-02T15:40:26","modified_gmt":"2026-04-02T13:40:26","slug":"tellimisega-hobune-60x60-cm","status":"publish","type":"product","link":"https:\/\/teemanditikand.ee\/lt\/produktas\/tellimisega-hobune-60x60-cm\/","title":{"rendered":"TELLIMISEGA! Hobune 60&#215;60 cm"},"content":{"rendered":"","protected":false},"excerpt":{"rendered":"<div class=\"user-content\">\n<div>\n<div class=\"content-with-translation\">\n<div class=\"session-translate util-clearfix\"><strong>D\u0116MESIO!<\/strong><\/div>\n<div class=\"session-translate util-clearfix\"><strong>\u0160ios prek\u0117s n\u0117ra m\u016bs\u0173 sand\u0117lyje vietoje, prek\u0117 gaminama pagal u\u017esakym\u0105.<\/strong><br \/>\n<strong>EELDATAV TARNEAEG 3-4 N\u00c4DALAT.<\/strong><\/div>\n<\/div>\n<\/div>\n<\/div>\n<div class=\"message-flow-menu-box rec\">\n<p>Visi m\u016bs\u0173 parduodami deimantiniai siuvin\u0117jimai yra su:<br \/>\nAuk\u0161tos kokyb\u0117s pagrindas (su klijais), kuriame tvirtinami deimantai, akriliniai deimantai, pagrindas deimantams laikyti, tvirtinimo ra\u0161iklis su pir\u0161t\u0173 amortizacija ir va\u0161kas tvirtinimo ra\u0161ikliui<\/p>\n<\/div>","protected":false},"featured_media":19615,"template":"","meta":[],"product_brand":[],"product_cat":[72,60,56,53,75],"product_tag":[],"class_list":{"0":"post-19612","1":"product","2":"type-product","3":"status-publish","4":"has-post-thumbnail","6":"product_cat-60x60-cm","7":"product_cat-lilled","8":"product_cat-loodus","9":"product_cat-loomad","10":"product_cat-tellimisega","11":"thunk-woo-product-list","12":"opn-qv-enable","13":"open-woo-hover-none","14":"open-single-product-tab-horizontal","15":"open-shadow-","16":"open-shadow-hover-","18":"first","19":"instock","20":"shipping-taxable","21":"purchasable","22":"product-type-variable"},"_links":{"self":[{"href":"https:\/\/teemanditikand.ee\/lt\/wp-json\/wp\/v2\/product\/19612","targetHints":{"allow":["GET"]}}],"collection":[{"href":"https:\/\/teemanditikand.ee\/lt\/wp-json\/wp\/v2\/product"}],"about":[{"href":"https:\/\/teemanditikand.ee\/lt\/wp-json\/wp\/v2\/types\/product"}],"wp:featuredmedia":[{"embeddable":true,"href":"https:\/\/teemanditikand.ee\/lt\/wp-json\/wp\/v2\/media\/19615"}],"wp:attachment":[{"href":"https:\/\/teemanditikand.ee\/lt\/wp-json\/wp\/v2\/media?parent=19612"}],"wp:term":[{"taxonomy":"product_brand","embeddable":true,"href":"https:\/\/teemanditikand.ee\/lt\/wp-json\/wp\/v2\/product_brand?post=19612"},{"taxonomy":"product_cat","embeddable":true,"href":"https:\/\/teemanditikand.ee\/lt\/wp-json\/wp\/v2\/product_cat?post=19612"},{"taxonomy":"product_tag","embeddable":true,"href":"https:\/\/teemanditikand.ee\/lt\/wp-json\/wp\/v2\/product_tag?post=19612"}],"curies":[{"name":"wp","href":"https:\/\/api.w.org\/{rel}","templated":true}]}}