{"id":19716,"date":"2025-11-09T21:16:53","date_gmt":"2025-11-09T19:16:53","guid":{"rendered":"https:\/\/teemanditikand.ee\/?post_type=product&#038;p=19716"},"modified":"2026-02-19T16:49:58","modified_gmt":"2026-02-19T14:49:58","slug":"oma-pildiga-teemantmaal-50x50-cm-2","status":"publish","type":"product","link":"https:\/\/teemanditikand.ee\/lt\/produktas\/oma-pildiga-teemantmaal-50x50-cm-2\/","title":{"rendered":"Oma pildiga teemantmaal 50&#215;50 cm"},"content":{"rendered":"","protected":false},"excerpt":{"rendered":"<p><strong>Nor\u0117dami u\u017esisakyti deimant\u0105 su savo nuotrauka, pateikite u\u017esakym\u0105 ir atsi\u0173skite savo nuotrauk\u0105 mums el. pa\u0161tu: info@teemanditikand.ee<\/strong><\/p>\n<p><strong>Steb\u0117kite vaizdo kokyb\u0119 \u2013 geros kokyb\u0117s vaizdas u\u017etikrina gra\u017e\u0173 galutin\u012f rezultat\u0105.<\/strong><\/p>\n<p><strong>Vaizdo pristatymo laikas 3-5 savait\u0117s.<\/strong><\/p>\n<p><strong>Prek\u0117 negr\u0105\u017einama.<\/strong><\/p>\n<p><strong>Visi m\u016bs\u0173 parduodami deimantiniai siuvin\u0117jimai yra su:<\/strong><\/p>\n<p><strong>Auk\u0161tos kokyb\u0117s pagrindas (su klijais), kur d\u0117site deimantus, akrilinius deimantus, pagrind\u0105 deimantams laikyti, tvirtinimo ra\u0161ikl\u012f ir va\u0161ko tvirtinimo ra\u0161ikl\u012f.<\/strong><\/p>","protected":false},"featured_media":19712,"template":"","meta":[],"product_brand":[],"product_cat":[25,58],"product_tag":[],"class_list":{"0":"post-19716","1":"product","2":"type-product","3":"status-publish","4":"has-post-thumbnail","6":"product_cat-50x50cm","7":"product_cat-oma-pildiga-teemanditikand","8":"thunk-woo-product-list","9":"opn-qv-enable","10":"open-woo-hover-none","11":"open-single-product-tab-horizontal","12":"open-shadow-","13":"open-shadow-hover-","15":"first","16":"instock","17":"shipping-taxable","18":"purchasable","19":"product-type-variable"},"_links":{"self":[{"href":"https:\/\/teemanditikand.ee\/lt\/wp-json\/wp\/v2\/product\/19716","targetHints":{"allow":["GET"]}}],"collection":[{"href":"https:\/\/teemanditikand.ee\/lt\/wp-json\/wp\/v2\/product"}],"about":[{"href":"https:\/\/teemanditikand.ee\/lt\/wp-json\/wp\/v2\/types\/product"}],"wp:featuredmedia":[{"embeddable":true,"href":"https:\/\/teemanditikand.ee\/lt\/wp-json\/wp\/v2\/media\/19712"}],"wp:attachment":[{"href":"https:\/\/teemanditikand.ee\/lt\/wp-json\/wp\/v2\/media?parent=19716"}],"wp:term":[{"taxonomy":"product_brand","embeddable":true,"href":"https:\/\/teemanditikand.ee\/lt\/wp-json\/wp\/v2\/product_brand?post=19716"},{"taxonomy":"product_cat","embeddable":true,"href":"https:\/\/teemanditikand.ee\/lt\/wp-json\/wp\/v2\/product_cat?post=19716"},{"taxonomy":"product_tag","embeddable":true,"href":"https:\/\/teemanditikand.ee\/lt\/wp-json\/wp\/v2\/product_tag?post=19716"}],"curies":[{"name":"wp","href":"https:\/\/api.w.org\/{rel}","templated":true}]}}