{"id":19938,"date":"2025-12-03T21:21:32","date_gmt":"2025-12-03T19:21:32","guid":{"rendered":"https:\/\/teemanditikand.ee\/?post_type=product&#038;p=19938"},"modified":"2026-01-09T10:56:54","modified_gmt":"2026-01-09T08:56:54","slug":"osaliselt-tikitava-teemanditikandiga-ahv-30x40-cm","status":"publish","type":"product","link":"https:\/\/teemanditikand.ee\/lt\/produktas\/osaliselt-tikitava-teemanditikandiga-ahv-30x40-cm\/","title":{"rendered":"Osaliselt tikitava teemanditikandiga ahv 30&#215;40 cm"},"content":{"rendered":"","protected":false},"excerpt":{"rendered":"<p><strong>ATKREIPKITE D\u0116MES\u012e: \u0161is deimantinis siuvin\u0117jimas n\u0117ra 100% deimantinis siuvin\u0117jimas \u2013 tai i\u0161 dalies i\u0161siuvin\u0117tas deimantinis siuvin\u0117jimas!<\/strong><\/p>\n<p><strong>Visi m\u016bs\u0173 parduodami deimantiniai siuvin\u0117jimai komplektuojami su: Auk\u0161tos kokyb\u0117s pagrindu (su klijais), kur tvirtinate deimantus, akrilinius deimantus, pagrind\u0105 deimantams laikyti, montavimo ra\u0161ikl\u012f, va\u0161k\u0105 montavimo ra\u0161ikliui<\/strong><\/p>","protected":false},"featured_media":19939,"template":"","meta":[],"product_brand":[],"product_cat":[20,53],"product_tag":[],"class_list":{"0":"post-19938","1":"product","2":"type-product","3":"status-publish","4":"has-post-thumbnail","6":"product_cat-30x40cm","7":"product_cat-loomad","8":"thunk-woo-product-list","9":"opn-qv-enable","10":"open-woo-hover-none","11":"open-single-product-tab-horizontal","12":"open-shadow-","13":"open-shadow-hover-","15":"first","16":"instock","17":"shipping-taxable","18":"purchasable","19":"product-type-simple"},"_links":{"self":[{"href":"https:\/\/teemanditikand.ee\/lt\/wp-json\/wp\/v2\/product\/19938","targetHints":{"allow":["GET"]}}],"collection":[{"href":"https:\/\/teemanditikand.ee\/lt\/wp-json\/wp\/v2\/product"}],"about":[{"href":"https:\/\/teemanditikand.ee\/lt\/wp-json\/wp\/v2\/types\/product"}],"wp:featuredmedia":[{"embeddable":true,"href":"https:\/\/teemanditikand.ee\/lt\/wp-json\/wp\/v2\/media\/19939"}],"wp:attachment":[{"href":"https:\/\/teemanditikand.ee\/lt\/wp-json\/wp\/v2\/media?parent=19938"}],"wp:term":[{"taxonomy":"product_brand","embeddable":true,"href":"https:\/\/teemanditikand.ee\/lt\/wp-json\/wp\/v2\/product_brand?post=19938"},{"taxonomy":"product_cat","embeddable":true,"href":"https:\/\/teemanditikand.ee\/lt\/wp-json\/wp\/v2\/product_cat?post=19938"},{"taxonomy":"product_tag","embeddable":true,"href":"https:\/\/teemanditikand.ee\/lt\/wp-json\/wp\/v2\/product_tag?post=19938"}],"curies":[{"name":"wp","href":"https:\/\/api.w.org\/{rel}","templated":true}]}}