{"id":20732,"date":"2026-03-22T13:32:23","date_gmt":"2026-03-22T11:32:23","guid":{"rendered":"https:\/\/teemanditikand.ee\/?post_type=product&#038;p=20732"},"modified":"2026-03-22T13:33:33","modified_gmt":"2026-03-22T11:33:33","slug":"tellimisega-ehtekarp-mandala1","status":"publish","type":"product","link":"https:\/\/teemanditikand.ee\/lt\/produktas\/tellimisega-ehtekarp-mandala1\/","title":{"rendered":"TELLIMISEGA! Ehtekarp mandala1"},"content":{"rendered":"","protected":false},"excerpt":{"rendered":"<p>T\u00c4HELEPANU! V\u00d5IB NII KA JUHTUDA KUI TOODE EI OLE TEHASES SAADAVAL.<\/p>\n<p><strong>D\u0116MESIO!<\/strong><br \/>\n<strong>\u0160ios prek\u0117s n\u0117ra m\u016bs\u0173 sand\u0117lyje vietoje, prek\u0117 gaminama pagal u\u017esakym\u0105.<\/strong><br \/>\n<strong>EELDATAV TARNEAEG 3-4 N\u00c4DALAT.<\/strong><\/p>\n<p>Visi m\u016bs\u0173 parduodami deimantiniai siuvin\u0117jimai yra su:<br \/>\nKvaliteetne alus(liimiga) kuhu paigaldate teemandid, akr\u00fc\u00fclteemandid, alus teemandite hoidmiseks, paigalduspliiats, vaha paigalduspliiatsile<\/p>","protected":false},"featured_media":20733,"template":"","meta":[],"product_brand":[],"product_cat":[49,75],"product_tag":[],"class_list":{"0":"post-20732","1":"product","2":"type-product","3":"status-publish","4":"has-post-thumbnail","6":"product_cat-muud-tooted","7":"product_cat-tellimisega","8":"thunk-woo-product-list","9":"opn-qv-enable","10":"open-woo-hover-none","11":"open-single-product-tab-horizontal","12":"open-shadow-","13":"open-shadow-hover-","15":"first","16":"instock","17":"shipping-taxable","18":"purchasable","19":"product-type-simple"},"_links":{"self":[{"href":"https:\/\/teemanditikand.ee\/lt\/wp-json\/wp\/v2\/product\/20732","targetHints":{"allow":["GET"]}}],"collection":[{"href":"https:\/\/teemanditikand.ee\/lt\/wp-json\/wp\/v2\/product"}],"about":[{"href":"https:\/\/teemanditikand.ee\/lt\/wp-json\/wp\/v2\/types\/product"}],"wp:featuredmedia":[{"embeddable":true,"href":"https:\/\/teemanditikand.ee\/lt\/wp-json\/wp\/v2\/media\/20733"}],"wp:attachment":[{"href":"https:\/\/teemanditikand.ee\/lt\/wp-json\/wp\/v2\/media?parent=20732"}],"wp:term":[{"taxonomy":"product_brand","embeddable":true,"href":"https:\/\/teemanditikand.ee\/lt\/wp-json\/wp\/v2\/product_brand?post=20732"},{"taxonomy":"product_cat","embeddable":true,"href":"https:\/\/teemanditikand.ee\/lt\/wp-json\/wp\/v2\/product_cat?post=20732"},{"taxonomy":"product_tag","embeddable":true,"href":"https:\/\/teemanditikand.ee\/lt\/wp-json\/wp\/v2\/product_tag?post=20732"}],"curies":[{"name":"wp","href":"https:\/\/api.w.org\/{rel}","templated":true}]}}