{"id":20768,"date":"2026-04-07T07:33:08","date_gmt":"2026-04-07T05:33:08","guid":{"rendered":"https:\/\/teemanditikand.ee\/?post_type=product&#038;p=20768"},"modified":"2026-04-07T07:33:08","modified_gmt":"2026-04-07T05:33:08","slug":"buddha-40x50-cm","status":"publish","type":"product","link":"https:\/\/teemanditikand.ee\/lt\/produktas\/buddha-40x50-cm\/","title":{"rendered":"Buddha 40&#215;50 cm"},"content":{"rendered":"","protected":false},"excerpt":{"rendered":"<div class=\"woocommerce-product-details__short-description\">\n<div class=\"woocommerce-product-details__short-description\">\n<p><strong>Visi m\u016bs\u0173 parduodami deimantiniai siuvin\u0117jimai komplektuojami su: Auk\u0161tos kokyb\u0117s pagrindu (su klijais), kur tvirtinate deimantus, akrilinius deimantus, pagrind\u0105 deimantams laikyti, montavimo ra\u0161ikl\u012f, va\u0161k\u0105 montavimo ra\u0161ikliui<\/strong><\/p>\n<\/div>\n<\/div>","protected":false},"featured_media":20769,"template":"","meta":[],"product_brand":[],"product_cat":[22],"product_tag":[],"class_list":{"0":"post-20768","1":"product","2":"type-product","3":"status-publish","4":"has-post-thumbnail","6":"product_cat-40x50cm","7":"thunk-woo-product-list","8":"opn-qv-enable","9":"open-woo-hover-none","10":"open-single-product-tab-horizontal","11":"open-shadow-","12":"open-shadow-hover-","14":"first","15":"instock","16":"shipping-taxable","17":"purchasable","18":"product-type-simple"},"_links":{"self":[{"href":"https:\/\/teemanditikand.ee\/lt\/wp-json\/wp\/v2\/product\/20768","targetHints":{"allow":["GET"]}}],"collection":[{"href":"https:\/\/teemanditikand.ee\/lt\/wp-json\/wp\/v2\/product"}],"about":[{"href":"https:\/\/teemanditikand.ee\/lt\/wp-json\/wp\/v2\/types\/product"}],"wp:featuredmedia":[{"embeddable":true,"href":"https:\/\/teemanditikand.ee\/lt\/wp-json\/wp\/v2\/media\/20769"}],"wp:attachment":[{"href":"https:\/\/teemanditikand.ee\/lt\/wp-json\/wp\/v2\/media?parent=20768"}],"wp:term":[{"taxonomy":"product_brand","embeddable":true,"href":"https:\/\/teemanditikand.ee\/lt\/wp-json\/wp\/v2\/product_brand?post=20768"},{"taxonomy":"product_cat","embeddable":true,"href":"https:\/\/teemanditikand.ee\/lt\/wp-json\/wp\/v2\/product_cat?post=20768"},{"taxonomy":"product_tag","embeddable":true,"href":"https:\/\/teemanditikand.ee\/lt\/wp-json\/wp\/v2\/product_tag?post=20768"}],"curies":[{"name":"wp","href":"https:\/\/api.w.org\/{rel}","templated":true}]}}