{"id":4911,"date":"2022-03-22T16:32:39","date_gmt":"2022-03-22T14:32:39","guid":{"rendered":"https:\/\/teemanditikand.ee\/?post_type=product&#038;p=4911"},"modified":"2024-11-11T15:59:50","modified_gmt":"2024-11-11T13:59:50","slug":"etikett-20-000-tk-rullis","status":"publish","type":"product","link":"https:\/\/teemanditikand.ee\/lt\/produktas\/etikett-20-000-tk-rullis\/","title":{"rendered":"Etiket\u0117je 20 000 vnt"},"content":{"rendered":"","protected":false},"excerpt":{"rendered":"<p>20 000 apvali\u0173 lipduk\u0173<\/p>\n<p>Stiklainiams ir laikymo d\u0117\u017e\u0117ms<\/p>","protected":false},"featured_media":4912,"template":"","meta":[],"product_brand":[],"product_cat":[19],"product_tag":[],"class_list":{"0":"post-4911","1":"product","2":"type-product","3":"status-publish","4":"has-post-thumbnail","6":"product_cat-akssessuaarid","7":"thunk-woo-product-list","8":"opn-qv-enable","9":"open-woo-hover-none","10":"open-single-product-tab-horizontal","11":"open-shadow-","12":"open-shadow-hover-","14":"first","15":"instock","16":"shipping-taxable","17":"purchasable","18":"product-type-simple"},"_links":{"self":[{"href":"https:\/\/teemanditikand.ee\/lt\/wp-json\/wp\/v2\/product\/4911","targetHints":{"allow":["GET"]}}],"collection":[{"href":"https:\/\/teemanditikand.ee\/lt\/wp-json\/wp\/v2\/product"}],"about":[{"href":"https:\/\/teemanditikand.ee\/lt\/wp-json\/wp\/v2\/types\/product"}],"wp:featuredmedia":[{"embeddable":true,"href":"https:\/\/teemanditikand.ee\/lt\/wp-json\/wp\/v2\/media\/4912"}],"wp:attachment":[{"href":"https:\/\/teemanditikand.ee\/lt\/wp-json\/wp\/v2\/media?parent=4911"}],"wp:term":[{"taxonomy":"product_brand","embeddable":true,"href":"https:\/\/teemanditikand.ee\/lt\/wp-json\/wp\/v2\/product_brand?post=4911"},{"taxonomy":"product_cat","embeddable":true,"href":"https:\/\/teemanditikand.ee\/lt\/wp-json\/wp\/v2\/product_cat?post=4911"},{"taxonomy":"product_tag","embeddable":true,"href":"https:\/\/teemanditikand.ee\/lt\/wp-json\/wp\/v2\/product_tag?post=4911"}],"curies":[{"name":"wp","href":"https:\/\/api.w.org\/{rel}","templated":true}]}}