{"id":5005,"date":"2022-03-23T15:50:05","date_gmt":"2022-03-23T13:50:05","guid":{"rendered":"https:\/\/teemanditikand.ee\/?post_type=product&#038;p=5005"},"modified":"2025-09-29T14:02:02","modified_gmt":"2025-09-29T12:02:02","slug":"vaike-salvratikuhoidja-hello-kitty","status":"publish","type":"product","link":"https:\/\/teemanditikand.ee\/lt\/produktas\/vaike-salvratikuhoidja-hello-kitty\/","title":{"rendered":"Ma\u017eas servet\u0117li\u0173 laikiklis - HELLO KITTY"},"content":{"rendered":"","protected":false},"excerpt":{"rendered":"<p>Turite i\u0161siuvin\u0117ti patys \ud83d\ude42<\/p>","protected":false},"featured_media":5006,"template":"","meta":[],"product_brand":[],"product_cat":[49],"product_tag":[],"class_list":{"0":"post-5005","1":"product","2":"type-product","3":"status-publish","4":"has-post-thumbnail","6":"product_cat-muud-tooted","7":"thunk-woo-product-list","8":"opn-qv-enable","9":"open-woo-hover-none","10":"open-single-product-tab-horizontal","11":"open-shadow-","12":"open-shadow-hover-","14":"first","15":"instock","16":"sale","17":"shipping-taxable","18":"purchasable","19":"product-type-simple"},"_links":{"self":[{"href":"https:\/\/teemanditikand.ee\/lt\/wp-json\/wp\/v2\/product\/5005","targetHints":{"allow":["GET"]}}],"collection":[{"href":"https:\/\/teemanditikand.ee\/lt\/wp-json\/wp\/v2\/product"}],"about":[{"href":"https:\/\/teemanditikand.ee\/lt\/wp-json\/wp\/v2\/types\/product"}],"wp:featuredmedia":[{"embeddable":true,"href":"https:\/\/teemanditikand.ee\/lt\/wp-json\/wp\/v2\/media\/5006"}],"wp:attachment":[{"href":"https:\/\/teemanditikand.ee\/lt\/wp-json\/wp\/v2\/media?parent=5005"}],"wp:term":[{"taxonomy":"product_brand","embeddable":true,"href":"https:\/\/teemanditikand.ee\/lt\/wp-json\/wp\/v2\/product_brand?post=5005"},{"taxonomy":"product_cat","embeddable":true,"href":"https:\/\/teemanditikand.ee\/lt\/wp-json\/wp\/v2\/product_cat?post=5005"},{"taxonomy":"product_tag","embeddable":true,"href":"https:\/\/teemanditikand.ee\/lt\/wp-json\/wp\/v2\/product_tag?post=5005"}],"curies":[{"name":"wp","href":"https:\/\/api.w.org\/{rel}","templated":true}]}}