{"id":5497,"date":"2022-05-14T18:44:23","date_gmt":"2022-05-14T16:44:23","guid":{"rendered":"https:\/\/teemanditikand.ee\/?post_type=product&#038;p=5497"},"modified":"2026-03-22T12:07:14","modified_gmt":"2026-03-22T10:07:14","slug":"mandala-30x30-cm","status":"publish","type":"product","link":"https:\/\/teemanditikand.ee\/lt\/produktas\/mandala-30x30-cm\/","title":{"rendered":"Mandala 30\u00d730 cm"},"content":{"rendered":"","protected":false},"excerpt":{"rendered":"<p><strong>ATKREIPKITE D\u0116MES\u012e: \u0161is deimantinis siuvin\u0117jimas n\u0117ra 100% deimantinis siuvin\u0117jimas \u2013 tai i\u0161 dalies i\u0161siuvin\u0117tas deimantinis siuvin\u0117jimas!<\/strong><\/p>","protected":false},"featured_media":5498,"template":"","meta":[],"product_brand":[],"product_cat":[24,70],"product_tag":[],"class_list":{"0":"post-5497","1":"product","2":"type-product","3":"status-publish","4":"has-post-thumbnail","6":"product_cat-30x30cm","7":"product_cat-osaliselt-tikitava-teemanditikandid","8":"thunk-woo-product-list","9":"opn-qv-enable","10":"open-woo-hover-none","11":"open-single-product-tab-horizontal","12":"open-shadow-","13":"open-shadow-hover-","15":"first","16":"instock","17":"sale","18":"shipping-taxable","19":"purchasable","20":"product-type-simple"},"_links":{"self":[{"href":"https:\/\/teemanditikand.ee\/lt\/wp-json\/wp\/v2\/product\/5497","targetHints":{"allow":["GET"]}}],"collection":[{"href":"https:\/\/teemanditikand.ee\/lt\/wp-json\/wp\/v2\/product"}],"about":[{"href":"https:\/\/teemanditikand.ee\/lt\/wp-json\/wp\/v2\/types\/product"}],"wp:featuredmedia":[{"embeddable":true,"href":"https:\/\/teemanditikand.ee\/lt\/wp-json\/wp\/v2\/media\/5498"}],"wp:attachment":[{"href":"https:\/\/teemanditikand.ee\/lt\/wp-json\/wp\/v2\/media?parent=5497"}],"wp:term":[{"taxonomy":"product_brand","embeddable":true,"href":"https:\/\/teemanditikand.ee\/lt\/wp-json\/wp\/v2\/product_brand?post=5497"},{"taxonomy":"product_cat","embeddable":true,"href":"https:\/\/teemanditikand.ee\/lt\/wp-json\/wp\/v2\/product_cat?post=5497"},{"taxonomy":"product_tag","embeddable":true,"href":"https:\/\/teemanditikand.ee\/lt\/wp-json\/wp\/v2\/product_tag?post=5497"}],"curies":[{"name":"wp","href":"https:\/\/api.w.org\/{rel}","templated":true}]}}