{"id":6031,"date":"2022-08-15T10:57:07","date_gmt":"2022-08-15T08:57:07","guid":{"rendered":"https:\/\/teemanditikand.ee\/?post_type=product&#038;p=6031"},"modified":"2025-01-16T09:28:34","modified_gmt":"2025-01-16T07:28:34","slug":"suur-ripats-pesamaja-ja-linnud","status":"publish","type":"product","link":"https:\/\/teemanditikand.ee\/lt\/produktas\/suur-ripats-pesamaja-ja-linnud\/","title":{"rendered":"Puikus pakabinamas lizdo namas ir pauk\u0161\u010diai"},"content":{"rendered":"","protected":false},"excerpt":{"rendered":"<p>Pridedama grandin\u0117l\u0117.<\/p>\n<p>Galima naudoti kaip dekoracij\u0105 ir kabinti kur tik nori. Turite b\u016bti pasiruo\u0161\u0119 siuvin\u0117ti patys.<\/p>","protected":false},"featured_media":6032,"template":"","meta":[],"product_brand":[],"product_cat":[65,49],"product_tag":[],"class_list":{"0":"post-6031","1":"product","2":"type-product","3":"status-publish","4":"has-post-thumbnail","6":"product_cat-linnud","7":"product_cat-muud-tooted","8":"thunk-woo-product-list","9":"opn-qv-enable","10":"open-woo-hover-none","11":"open-single-product-tab-horizontal","12":"open-shadow-","13":"open-shadow-hover-","15":"first","16":"instock","17":"sale","18":"shipping-taxable","19":"purchasable","20":"product-type-simple"},"_links":{"self":[{"href":"https:\/\/teemanditikand.ee\/lt\/wp-json\/wp\/v2\/product\/6031","targetHints":{"allow":["GET"]}}],"collection":[{"href":"https:\/\/teemanditikand.ee\/lt\/wp-json\/wp\/v2\/product"}],"about":[{"href":"https:\/\/teemanditikand.ee\/lt\/wp-json\/wp\/v2\/types\/product"}],"wp:featuredmedia":[{"embeddable":true,"href":"https:\/\/teemanditikand.ee\/lt\/wp-json\/wp\/v2\/media\/6032"}],"wp:attachment":[{"href":"https:\/\/teemanditikand.ee\/lt\/wp-json\/wp\/v2\/media?parent=6031"}],"wp:term":[{"taxonomy":"product_brand","embeddable":true,"href":"https:\/\/teemanditikand.ee\/lt\/wp-json\/wp\/v2\/product_brand?post=6031"},{"taxonomy":"product_cat","embeddable":true,"href":"https:\/\/teemanditikand.ee\/lt\/wp-json\/wp\/v2\/product_cat?post=6031"},{"taxonomy":"product_tag","embeddable":true,"href":"https:\/\/teemanditikand.ee\/lt\/wp-json\/wp\/v2\/product_tag?post=6031"}],"curies":[{"name":"wp","href":"https:\/\/api.w.org\/{rel}","templated":true}]}}