{"id":6205,"date":"2022-09-05T12:15:33","date_gmt":"2022-09-05T10:15:33","guid":{"rendered":"https:\/\/teemanditikand.ee\/?post_type=product&#038;p=6205"},"modified":"2026-04-07T20:10:41","modified_gmt":"2026-04-07T18:10:41","slug":"pealuukuu-30x50-cm","status":"publish","type":"product","link":"https:\/\/teemanditikand.ee\/lt\/produktas\/pealuukuu-30x50-cm\/","title":{"rendered":"Kaukol\u0117&amp;M\u0117nulis 30\u00d750 cm"},"content":{"rendered":"","protected":false},"excerpt":{"rendered":"<p><strong>Visi m\u016bs\u0173 parduodami deimantiniai siuvin\u0117jimai yra su:<br \/>\nKokybi\u0161kas pagrindas (su klijais), kur dedate deimantus, akrilinius deimantus, pagrind\u0105 deimantams laikyti, tvirtinimo ra\u0161ikl\u012f su pir\u0161t\u0173 mink\u0161tikliu ir va\u0161k\u0105 ra\u0161ikliui tvirtinti.<\/strong><\/p>","protected":false},"featured_media":6206,"template":"","meta":[],"product_brand":[],"product_cat":[31,54],"product_tag":[],"class_list":{"0":"post-6205","1":"product","2":"type-product","3":"status-publish","4":"has-post-thumbnail","6":"product_cat-30x50-cm-2","7":"product_cat-fantaasia","8":"thunk-woo-product-list","9":"opn-qv-enable","10":"open-woo-hover-none","11":"open-single-product-tab-horizontal","12":"open-shadow-","13":"open-shadow-hover-","15":"first","16":"instock","17":"sale","18":"shipping-taxable","19":"purchasable","20":"product-type-simple"},"_links":{"self":[{"href":"https:\/\/teemanditikand.ee\/lt\/wp-json\/wp\/v2\/product\/6205","targetHints":{"allow":["GET"]}}],"collection":[{"href":"https:\/\/teemanditikand.ee\/lt\/wp-json\/wp\/v2\/product"}],"about":[{"href":"https:\/\/teemanditikand.ee\/lt\/wp-json\/wp\/v2\/types\/product"}],"wp:featuredmedia":[{"embeddable":true,"href":"https:\/\/teemanditikand.ee\/lt\/wp-json\/wp\/v2\/media\/6206"}],"wp:attachment":[{"href":"https:\/\/teemanditikand.ee\/lt\/wp-json\/wp\/v2\/media?parent=6205"}],"wp:term":[{"taxonomy":"product_brand","embeddable":true,"href":"https:\/\/teemanditikand.ee\/lt\/wp-json\/wp\/v2\/product_brand?post=6205"},{"taxonomy":"product_cat","embeddable":true,"href":"https:\/\/teemanditikand.ee\/lt\/wp-json\/wp\/v2\/product_cat?post=6205"},{"taxonomy":"product_tag","embeddable":true,"href":"https:\/\/teemanditikand.ee\/lt\/wp-json\/wp\/v2\/product_tag?post=6205"}],"curies":[{"name":"wp","href":"https:\/\/api.w.org\/{rel}","templated":true}]}}