{"id":7798,"date":"2023-02-07T21:46:45","date_gmt":"2023-02-07T19:46:45","guid":{"rendered":"https:\/\/teemanditikand.ee\/?post_type=product&#038;p=7798"},"modified":"2023-12-24T10:28:49","modified_gmt":"2023-12-24T08:28:49","slug":"kasitookaunistuseks-korvis-munad","status":"publish","type":"product","link":"https:\/\/teemanditikand.ee\/lt\/produktas\/kasitookaunistuseks-korvis-munad\/","title":{"rendered":"Kiau\u0161iniai krep\u0161elyje kaip amato puo\u0161mena"},"content":{"rendered":"","protected":false},"excerpt":{"rendered":"<p>Turite b\u016bti pasiruo\u0161\u0119 siuvin\u0117ti patys<\/p>","protected":false},"featured_media":7799,"template":"","meta":[],"product_brand":[],"product_cat":[49],"product_tag":[],"class_list":{"0":"post-7798","1":"product","2":"type-product","3":"status-publish","4":"has-post-thumbnail","6":"product_cat-muud-tooted","7":"thunk-woo-product-list","8":"opn-qv-enable","9":"open-woo-hover-none","10":"open-single-product-tab-horizontal","11":"open-shadow-","12":"open-shadow-hover-","14":"first","15":"instock","16":"sale","17":"shipping-taxable","18":"purchasable","19":"product-type-simple"},"_links":{"self":[{"href":"https:\/\/teemanditikand.ee\/lt\/wp-json\/wp\/v2\/product\/7798","targetHints":{"allow":["GET"]}}],"collection":[{"href":"https:\/\/teemanditikand.ee\/lt\/wp-json\/wp\/v2\/product"}],"about":[{"href":"https:\/\/teemanditikand.ee\/lt\/wp-json\/wp\/v2\/types\/product"}],"wp:featuredmedia":[{"embeddable":true,"href":"https:\/\/teemanditikand.ee\/lt\/wp-json\/wp\/v2\/media\/7799"}],"wp:attachment":[{"href":"https:\/\/teemanditikand.ee\/lt\/wp-json\/wp\/v2\/media?parent=7798"}],"wp:term":[{"taxonomy":"product_brand","embeddable":true,"href":"https:\/\/teemanditikand.ee\/lt\/wp-json\/wp\/v2\/product_brand?post=7798"},{"taxonomy":"product_cat","embeddable":true,"href":"https:\/\/teemanditikand.ee\/lt\/wp-json\/wp\/v2\/product_cat?post=7798"},{"taxonomy":"product_tag","embeddable":true,"href":"https:\/\/teemanditikand.ee\/lt\/wp-json\/wp\/v2\/product_tag?post=7798"}],"curies":[{"name":"wp","href":"https:\/\/api.w.org\/{rel}","templated":true}]}}