{"id":7811,"date":"2023-02-07T21:58:55","date_gmt":"2023-02-07T19:58:55","guid":{"rendered":"https:\/\/teemanditikand.ee\/?post_type=product&#038;p=7811"},"modified":"2025-11-22T11:17:26","modified_gmt":"2025-11-22T09:17:26","slug":"vaike-ripats-hobune","status":"publish","type":"product","link":"https:\/\/teemanditikand.ee\/lt\/produktas\/vaike-ripats-hobune\/","title":{"rendered":"Ma\u017eas vienaragio pakabukas"},"content":{"rendered":"","protected":false},"excerpt":{"rendered":"<p>Pridedama grandin\u0117l\u0117.<\/p>\n<p>Galima naudoti kaip dekoracij\u0105 ir kabinti kur tik nori. Turite b\u016bti pasiruo\u0161\u0119 siuvin\u0117ti patys.<\/p>","protected":false},"featured_media":7932,"template":"","meta":[],"product_brand":[],"product_cat":[49],"product_tag":[],"class_list":{"0":"post-7811","1":"product","2":"type-product","3":"status-publish","4":"has-post-thumbnail","6":"product_cat-muud-tooted","7":"thunk-woo-product-list","8":"opn-qv-enable","9":"open-woo-hover-none","10":"open-single-product-tab-horizontal","11":"open-shadow-","12":"open-shadow-hover-","14":"first","15":"instock","16":"sale","17":"shipping-taxable","18":"purchasable","19":"product-type-simple"},"_links":{"self":[{"href":"https:\/\/teemanditikand.ee\/lt\/wp-json\/wp\/v2\/product\/7811","targetHints":{"allow":["GET"]}}],"collection":[{"href":"https:\/\/teemanditikand.ee\/lt\/wp-json\/wp\/v2\/product"}],"about":[{"href":"https:\/\/teemanditikand.ee\/lt\/wp-json\/wp\/v2\/types\/product"}],"wp:featuredmedia":[{"embeddable":true,"href":"https:\/\/teemanditikand.ee\/lt\/wp-json\/wp\/v2\/media\/7932"}],"wp:attachment":[{"href":"https:\/\/teemanditikand.ee\/lt\/wp-json\/wp\/v2\/media?parent=7811"}],"wp:term":[{"taxonomy":"product_brand","embeddable":true,"href":"https:\/\/teemanditikand.ee\/lt\/wp-json\/wp\/v2\/product_brand?post=7811"},{"taxonomy":"product_cat","embeddable":true,"href":"https:\/\/teemanditikand.ee\/lt\/wp-json\/wp\/v2\/product_cat?post=7811"},{"taxonomy":"product_tag","embeddable":true,"href":"https:\/\/teemanditikand.ee\/lt\/wp-json\/wp\/v2\/product_tag?post=7811"}],"curies":[{"name":"wp","href":"https:\/\/api.w.org\/{rel}","templated":true}]}}