{"id":8415,"date":"2023-04-03T19:44:25","date_gmt":"2023-04-03T17:44:25","guid":{"rendered":"https:\/\/teemanditikand.ee\/?post_type=product&#038;p=8415"},"modified":"2025-11-07T12:15:36","modified_gmt":"2025-11-07T10:15:36","slug":"puhkav-tiiger-30x50-cm","status":"publish","type":"product","link":"https:\/\/teemanditikand.ee\/lt\/produktas\/puhkav-tiiger-30x50-cm\/","title":{"rendered":"Poilsio Tigras 30\u00d750 cm"},"content":{"rendered":"","protected":false},"excerpt":{"rendered":"<p><strong>Visi m\u016bs\u0173 parduodami deimantiniai siuvin\u0117jimai yra su:<\/strong><br \/>\n<strong>Kokybi\u0161kas pagrindas (su klijais), kur dedate deimantus, akrilinius deimantus, pagrind\u0105 deimantams laikyti, tvirtinimo ra\u0161ikl\u012f su pir\u0161t\u0173 mink\u0161tikliu ir va\u0161k\u0105 ra\u0161ikliui tvirtinti.<\/strong><\/p>","protected":false},"featured_media":8416,"template":"","meta":[],"product_brand":[],"product_cat":[33],"product_tag":[],"class_list":{"0":"post-8415","1":"product","2":"type-product","3":"status-publish","4":"has-post-thumbnail","6":"product_cat-30x50-cm","7":"thunk-woo-product-list","8":"opn-qv-enable","9":"open-woo-hover-none","10":"open-single-product-tab-horizontal","11":"open-shadow-","12":"open-shadow-hover-","14":"first","15":"instock","16":"sale","17":"shipping-taxable","18":"purchasable","19":"product-type-simple"},"_links":{"self":[{"href":"https:\/\/teemanditikand.ee\/lt\/wp-json\/wp\/v2\/product\/8415","targetHints":{"allow":["GET"]}}],"collection":[{"href":"https:\/\/teemanditikand.ee\/lt\/wp-json\/wp\/v2\/product"}],"about":[{"href":"https:\/\/teemanditikand.ee\/lt\/wp-json\/wp\/v2\/types\/product"}],"wp:featuredmedia":[{"embeddable":true,"href":"https:\/\/teemanditikand.ee\/lt\/wp-json\/wp\/v2\/media\/8416"}],"wp:attachment":[{"href":"https:\/\/teemanditikand.ee\/lt\/wp-json\/wp\/v2\/media?parent=8415"}],"wp:term":[{"taxonomy":"product_brand","embeddable":true,"href":"https:\/\/teemanditikand.ee\/lt\/wp-json\/wp\/v2\/product_brand?post=8415"},{"taxonomy":"product_cat","embeddable":true,"href":"https:\/\/teemanditikand.ee\/lt\/wp-json\/wp\/v2\/product_cat?post=8415"},{"taxonomy":"product_tag","embeddable":true,"href":"https:\/\/teemanditikand.ee\/lt\/wp-json\/wp\/v2\/product_tag?post=8415"}],"curies":[{"name":"wp","href":"https:\/\/api.w.org\/{rel}","templated":true}]}}