{"id":9007,"date":"2023-05-03T19:44:05","date_gmt":"2023-05-03T17:44:05","guid":{"rendered":"https:\/\/teemanditikand.ee\/?post_type=product&#038;p=9007"},"modified":"2025-10-23T08:16:30","modified_gmt":"2025-10-23T06:16:30","slug":"6-kuumaalused-hoidik-ookullid","status":"publish","type":"product","link":"https:\/\/teemanditikand.ee\/lt\/produktas\/6-kuumaalused-hoidik-ookullid\/","title":{"rendered":"6 m\u0117nulio pad\u0117kliukai + pel\u0117dos laikiklis"},"content":{"rendered":"","protected":false},"excerpt":{"rendered":"<p>Turite i\u0161siuvin\u0117ti patys \ud83d\ude42<\/p>","protected":false},"featured_media":9008,"template":"","meta":[],"product_brand":[],"product_cat":[49],"product_tag":[],"class_list":{"0":"post-9007","1":"product","2":"type-product","3":"status-publish","4":"has-post-thumbnail","6":"product_cat-muud-tooted","7":"thunk-woo-product-list","8":"opn-qv-enable","9":"open-woo-hover-none","10":"open-single-product-tab-horizontal","11":"open-shadow-","12":"open-shadow-hover-","14":"first","15":"instock","16":"shipping-taxable","17":"purchasable","18":"product-type-simple"},"_links":{"self":[{"href":"https:\/\/teemanditikand.ee\/lt\/wp-json\/wp\/v2\/product\/9007","targetHints":{"allow":["GET"]}}],"collection":[{"href":"https:\/\/teemanditikand.ee\/lt\/wp-json\/wp\/v2\/product"}],"about":[{"href":"https:\/\/teemanditikand.ee\/lt\/wp-json\/wp\/v2\/types\/product"}],"wp:featuredmedia":[{"embeddable":true,"href":"https:\/\/teemanditikand.ee\/lt\/wp-json\/wp\/v2\/media\/9008"}],"wp:attachment":[{"href":"https:\/\/teemanditikand.ee\/lt\/wp-json\/wp\/v2\/media?parent=9007"}],"wp:term":[{"taxonomy":"product_brand","embeddable":true,"href":"https:\/\/teemanditikand.ee\/lt\/wp-json\/wp\/v2\/product_brand?post=9007"},{"taxonomy":"product_cat","embeddable":true,"href":"https:\/\/teemanditikand.ee\/lt\/wp-json\/wp\/v2\/product_cat?post=9007"},{"taxonomy":"product_tag","embeddable":true,"href":"https:\/\/teemanditikand.ee\/lt\/wp-json\/wp\/v2\/product_tag?post=9007"}],"curies":[{"name":"wp","href":"https:\/\/api.w.org\/{rel}","templated":true}]}}