{"id":9923,"date":"2023-06-27T11:41:34","date_gmt":"2023-06-27T09:41:34","guid":{"rendered":"https:\/\/teemanditikand.ee\/?post_type=product&#038;p=9923"},"modified":"2024-06-06T18:30:50","modified_gmt":"2024-06-06T16:30:50","slug":"kaabuga-naine-60x80-cm","status":"publish","type":"product","link":"https:\/\/teemanditikand.ee\/lt\/produktas\/kaabuga-naine-60x80-cm\/","title":{"rendered":"Moteris su chalatu 60\u00d780 cm"},"content":{"rendered":"","protected":false},"excerpt":{"rendered":"<p><strong>Visi m\u016bs\u0173 parduodami deimantiniai siuvin\u0117jimai yra su:<\/strong><br \/>\n<strong>Kokybi\u0161kas pagrindas (su klijais), kur dedate deimantus, akrilinius deimantus, pagrind\u0105 deimantams laikyti, tvirtinimo ra\u0161ikl\u012f su pir\u0161t\u0173 mink\u0161tikliu ir va\u0161k\u0105 ra\u0161ikliui tvirtinti.<\/strong><\/p>","protected":false},"featured_media":9924,"template":"","meta":[],"product_brand":[],"product_cat":[39,64],"product_tag":[],"class_list":{"0":"post-9923","1":"product","2":"type-product","3":"status-publish","4":"has-post-thumbnail","6":"product_cat-60x80-cm","7":"product_cat-kaunitarid","8":"thunk-woo-product-list","9":"opn-qv-enable","10":"open-woo-hover-none","11":"open-single-product-tab-horizontal","12":"open-shadow-","13":"open-shadow-hover-","15":"first","16":"instock","17":"sale","18":"shipping-taxable","19":"purchasable","20":"product-type-simple"},"_links":{"self":[{"href":"https:\/\/teemanditikand.ee\/lt\/wp-json\/wp\/v2\/product\/9923","targetHints":{"allow":["GET"]}}],"collection":[{"href":"https:\/\/teemanditikand.ee\/lt\/wp-json\/wp\/v2\/product"}],"about":[{"href":"https:\/\/teemanditikand.ee\/lt\/wp-json\/wp\/v2\/types\/product"}],"wp:featuredmedia":[{"embeddable":true,"href":"https:\/\/teemanditikand.ee\/lt\/wp-json\/wp\/v2\/media\/9924"}],"wp:attachment":[{"href":"https:\/\/teemanditikand.ee\/lt\/wp-json\/wp\/v2\/media?parent=9923"}],"wp:term":[{"taxonomy":"product_brand","embeddable":true,"href":"https:\/\/teemanditikand.ee\/lt\/wp-json\/wp\/v2\/product_brand?post=9923"},{"taxonomy":"product_cat","embeddable":true,"href":"https:\/\/teemanditikand.ee\/lt\/wp-json\/wp\/v2\/product_cat?post=9923"},{"taxonomy":"product_tag","embeddable":true,"href":"https:\/\/teemanditikand.ee\/lt\/wp-json\/wp\/v2\/product_tag?post=9923"}],"curies":[{"name":"wp","href":"https:\/\/api.w.org\/{rel}","templated":true}]}}