{"id":81,"date":"2020-12-27T21:32:31","date_gmt":"2020-12-27T19:32:31","guid":{"rendered":"https:\/\/teemanditikand.ee\/?page_id=81"},"modified":"2024-04-26T14:37:56","modified_gmt":"2024-04-26T12:37:56","slug":"muugitingimused","status":"publish","type":"page","link":"https:\/\/teemanditikand.ee\/lv\/muugitingimused\/","title":{"rendered":"P\u0101rdo\u0161anas noteikumi"},"content":{"rendered":"<p>Veebipoe TEEMANDITIKAND.EE (edaspidi Veebipood) haldaja on O\u00dc Teemantmaalid<strong><em> (re\u0123istra kods<\/em><\/strong> 16954859 ),<br>Atrodas S\u00f5bra 14, Tartu, Igaunija.<\/p>\n\n\n\n<p><br>P\u0101rdo\u0161anas l\u012bguma sp\u0113k\u0101 esam\u012bba, inform\u0101cija par prec\u0113m un cen\u0101m<br>P\u0101rdo\u0161anas noteikumi attiecas uz pre\u010du ieg\u0101di no Interneta veikala.<br>Interneta veikal\u0101 nop\u0113rkamo pre\u010du cenas ir nor\u0101d\u012btas pie prec\u0113m. Cenai tiek pievienota maksa<br>par pre\u010du pieg\u0101di.<br>Pieg\u0101des maksa ir atkar\u012bga no pirc\u0113ja atra\u0161an\u0101s vietas un pieg\u0101des veida.<br>Pieg\u0101des maksa tiks uzr\u0101d\u012bta pirc\u0113jam, veicot pas\u016bt\u012bjumu.<br>Inform\u0101cija par prec\u0113m tiek sniegta Interneta veikal\u0101 tie\u0161i pie prec\u0113m.<br>Veicot pas\u016bt\u012bjumu<br>Lai pas\u016bt\u012btu preces, v\u0113lam\u0101s preces j\u0101pievieno iepirkumu grozam. J\u0101aizpilda pas\u016bt\u012bjuma veidlapa<br>oblig\u0101tos laukus un izv\u0113lieties atbilsto\u0161o pre\u010du pieg\u0101des veidu. P\u0113c tam tiek par\u0101d\u012bts<br>nodevas apm\u0113ru, ko var samaks\u0101t, izmantojot bankas saiti vai citu maks\u0101jumu risin\u0101jumu.<br>L\u012bgums st\u0101jas sp\u0113k\u0101 ar maks\u0101jam\u0101s summas sa\u0146em\u0161anu Interneta veikala nor\u0113\u0137inu kont\u0101.<br>Ja pas\u016bt\u012bt\u0101s preces nevar pieg\u0101d\u0101t preces beigu vai cita iemesla d\u0113\u013c,<br>pirc\u0113js tiek inform\u0113ts p\u0113c iesp\u0113jas \u0101tr\u0101k un atgriezta samaks\u0101t\u0101 nauda (t.sk. preces).<br>pieg\u0101des izmaksas) nekav\u0113joties, bet ne v\u0113l\u0101k k\u0101 14 dienu laik\u0101 p\u0113c pazi\u0146ojuma sa\u0146em\u0161anas.<br>Pieg\u0101de<br>Preces tiek nos\u016bt\u012btas uz \u0161\u0101d\u0101m valst\u012bm: Igaunija<strong><em><br>Pieg\u0101des izmaksas sedz pirc\u0113js un atbilsto\u0161\u0101 inform\u0101cija par cenu tiek par\u0101d\u012bta blakus pieg\u0101des veidam.<br>S\u016bt\u012bjumi Igaunijas robe\u017e\u0101s parasti sasniedz pirc\u0113ja nor\u0101d\u012bto galam\u0113r\u0137i 2-4 darba dienu laik\u0101 no plkst<br>pirkuma l\u012bguma sp\u0113k\u0101 st\u0101\u0161an\u0101s. <br>Iz\u0146\u0113muma gad\u012bjumos ties\u012bbas pieg\u0101d\u0101t preci l\u012bdz 45 kalend\u0101ro dienu laik\u0101.<br>Atteikuma ties\u012bbas<br>P\u0113c pas\u016bt\u012bjuma sa\u0146em\u0161anas pirc\u0113jam ir ties\u012bbas 14 dienu laik\u0101 atk\u0101pties no e-veikal\u0101 nosl\u0113gt\u0101 l\u012bguma<br><br>Atteikuma ties\u012bbas nav sp\u0113k\u0101, ja pirc\u0113js ir juridiska persona.<br><\/em><\/strong><\/p>\n\n\n\n<p><strong><em>Lai izmantotu 14 dienu atgrie\u0161anas ties\u012bbas, pas\u016bt\u012bt\u0101s preces nedr\u012bkst izmantot cit\u0101di k\u0101 vien<br>nepiecie\u0161ams, lai p\u0101rliecin\u0101tos par pre\u010du b\u016bt\u012bbu, \u012bpa\u0161\u012bb\u0101m un darb\u012bbu pre\u010du at\u013cautaj\u0101 veid\u0101<br>test\u0113\u0161anai fiziskaj\u0101 veikal\u0101.<br>Ja preces ir izmantotas citiem m\u0113r\u0137iem, nevis tiem, kas nepiecie\u0161ami to b\u016bt\u012bbai, \u012bpa\u0161\u012bb\u0101m un<br>vai ir redzamas lieto\u0161anas vai nolietojuma paz\u012bmes, Interneta veikalam ir ties\u012bbas<br>samazin\u0101t atmaks\u0101jamo maksu atbilsto\u0161i preces v\u0113rt\u012bbas samazin\u0101jumam.<br>Lai atgrieztu preci, j\u0101iesniedz pieteikums par atteik\u0161anos no preces pirkuma, kura veidlapu var atrast<br>no \u0161ejienes: atteikuma pieteikumu un nos\u016btiet to uz e-pasta adresi ne v\u0113l\u0101k k\u0101 14 dienu laik\u0101<br>kv\u012bts.<br>Pre\u010du atgrie\u0161anas izmaksas sedz pirc\u0113js, ja vien atgrie\u0161anas iemesls nav t\u0101ds<br>to, ka atgrie\u017eam\u0101 prece neatbilst pas\u016bt\u012btajai (piem., nepareiza vai boj\u0101ta prece).<br>Pirc\u0113jam ir j\u0101atgrie\u017e prece 14 dienu laik\u0101 p\u0113c pieteikuma iesnieg\u0161anas vai j\u0101iesniedz pier\u0101d\u012bjums, ka:<br>vi\u0146\u0161 ir nodevis preces p\u0101rvad\u0101t\u0101jam \u0161aj\u0101 period\u0101.<br>Atgriezt\u0101s preces interneta veikals atgriez\u012bs pirc\u0113jam nekav\u0113joties, bet ne v\u0113l\u0101k k\u0101 l\u012bdz 14<br>dienas p\u0113c atteikuma pieteikuma sa\u0146em\u0161anas, visus maks\u0101jumus, kas sa\u0146emti no pirc\u0113ja saska\u0146\u0101 ar l\u012bgumu.<br>Interneta veikals var atteikties veikt naudas atmaksu, kam\u0113r past\u0101v l\u012bguma priek\u0161mets<br>sa\u0146\u0113ma atpaka\u013c.<br>Ja pirc\u0113js ir nep\u0101rprotami izv\u0113l\u0113jies interneta veikala pied\u0101v\u0101to l\u0113t\u0101ko parasto preci<br>pieg\u0101des veids, kas nav pieg\u0101des veids, Interneta veikalam tas nav j\u0101atgrie\u017e pat\u0113r\u0113t\u0101jam<br>izmaksas, kas p\u0101rsniedz parast\u0101s pieg\u0101des metodes izmaksas.<br>Interneta veikalam ir ties\u012bbas atk\u0101pties no p\u0101rdo\u0161anas dar\u012bjuma un piepras\u012bt preces atgrie\u0161anu no pirc\u0113ja, ja preces cena<br>k\u013c\u016bdas d\u0113\u013c interneta veikals ir atz\u012bm\u0113jies iev\u0113rojami zem preces tirgus cenas.<br><\/em><\/strong><em><strong>Ties\u012bbas iesniegt s\u016bdz\u012bbu<br><\/strong><\/em><strong><em>Interneta veikals atbild par pirc\u0113jam p\u0101rdot\u0101s preces neatbilst\u012bbu vai defektu,<br>kas jau past\u0101v\u0113ja pre\u010du nodo\u0161anas br\u012bd\u012b un par\u0101d\u0101s divu gadu laik\u0101 p\u0113c preces sa\u0146em\u0161anas<br>nodot pirc\u0113jam. Paredzams, ka pirmo se\u0161u m\u0113ne\u0161u laik\u0101 no pieg\u0101des pirc\u0113jam:<br>tr\u016bkums jau past\u0101v\u0113ja nodo\u0161anas br\u012bd\u012b. Interneta veikals tiek atsp\u0113kots<br>pien\u0101kums.<br>Pirc\u0113jam ir ties\u012bbas ne v\u0113l\u0101k k\u0101 divu m\u0113ne\u0161u laik\u0101 sazin\u0101ties ar interneta veikalu, nos\u016btot e-pastu uz <\/em><\/strong><br><strong><em>info@teemanditikand.ee<\/em><\/strong>.<strong><em><br>Interneta veikals neatbild par defektiem, kas radu\u0161ies p\u0113c preces pieg\u0101des pirc\u0113jam.<br>Ja Internetveikal\u0101 ieg\u0101d\u0101taj\u0101m prec\u0113m ir defekti, par kuriem atbild Internetveikals, salabojiet vai<br>aizvieto boj\u0101t\u0101s preces Interneta veikal\u0101. Ja preces nevar salabot vai nomain\u012bt,<br>Interneta veikals atmaks\u0101s pirc\u0113jam visas ar p\u0101rdo\u0161anas l\u012bgumu saist\u012bt\u0101s maksas.<br>Interneta veikals atbild uz pat\u0113r\u0113t\u0101ja s\u016bdz\u012bbu rakstveid\u0101 vai rakstisk\u0101 reprodukcij\u0101<br>15 dienu laik\u0101.<br>Tie\u0161ais m\u0101rketings un personas datu apstr\u0101de<br>Interneta veikal\u0101 tiek izmantoti pirc\u0113ja ievad\u012btie personas dati (t.sk. V\u0101rds, t\u0101lru\u0146a numurs, adrese, e-pasts)<br>adrese, bankas rekviz\u012bti), tikai lai apstr\u0101d\u0101tu pas\u016bt\u012bjumu un nos\u016bt\u012btu preces pirc\u0113jam.<br>Interneta veikals nos\u016bta personas datus transporta uz\u0146\u0113mumiem pieg\u0101dei<br>preces.<br>Interneta veikals nos\u016bt\u012bs pirc\u0113jam jaunumus un pied\u0101v\u0101jumus uz pirc\u0113ja e-pasta adresi tikai tad, ja pirc\u0113js<br>ir izteikusi v\u0113lmi to dar\u012bt, m\u0101jaslap\u0101 ievadot e-pasta adresi un nor\u0101d\u012bjusi savu v\u0113lmi<br>lai sa\u0146emtu tie\u0161\u0101 pasta pazi\u0146ojumus.<br>Pirc\u0113js var jebkur\u0101 laik\u0101 atteikties no e-pasta pied\u0101v\u0101jumiem un jaunumiem<br>pazi\u0146ojiet mums par to pa e-pastu vai izpildot nor\u0101d\u012bjumus e-past\u0101, kur\u0101 ietverti pied\u0101v\u0101jumi.<br>Argumentu risin\u0101\u0161ana<br>Ja pirc\u0113jam ir k\u0101das pretenzijas saist\u012bb\u0101 ar Interneta veikalu, t\u0101s j\u0101nos\u016bta uz e-pasta adresi<\/em><\/strong> info@teemanditikand.ee vai<br>zvan\u012bt pa telefonu: <strong><em>+372 566 370 89<\/em><\/strong><br>Ja pirc\u0113js un Interneta veikals nesp\u0113s atrisin\u0101t str\u012bdu vienojoties, to var\u0113s pirc\u0113js<br>v\u0113rsties Pat\u0113r\u0113t\u0101ju str\u012bdu komisij\u0101. Ir pieejami procesu\u0101lie nosac\u012bjumi un pieteikums<br>iesniedz \u0161eit. Pat\u0113r\u0113t\u0101ju str\u012bdu komisija ir kompetenta iz\u0161\u0137irt vieno\u0161anos starp pirc\u0113ju un Interneta veikalu<br>str\u012bdi, kas izriet no l\u012bguma. Pirc\u0113ja s\u016bdz\u012bbas izskat\u012b\u0161ana komisij\u0101 ir bez maksas.<br>Pirc\u0113js var v\u0113rsties Eiropas Savien\u012bbas pat\u0113r\u0113t\u0101ju str\u012bdu risin\u0101\u0161anas platform\u0101.<\/p>\n\n\n\n<p><\/p>","protected":false},"excerpt":{"rendered":"<p>Veebipoe TEEMANDITIKAND.EE (edaspidi Veebipood) haldaja on O\u00dc Teemantmaalid (registrikood 16954859 ),Asukohaga S\u00f5bra 14, Tartu, Eesti. M\u00fc\u00fcgilepingu kehtivus, kauba- ja hinnainfoM\u00fc\u00fcgitingimused kehtivad Veebipoest kaupade ostmisel.Veebipoes m\u00fc\u00fcdavate toodete hinnad on m\u00e4rgitud toodete juurde. Hinnale lisandub tasukauba k\u00e4ttetoimetamise eest.Kauba k\u00e4ttetoimetamise tasu s\u00f5ltub ostja asukohast ning k\u00e4ttetoimetamise viisist.K\u00e4ttetoimetamise tasu kuvatakse ostjale tellimuse vormistamisel.Teave kauba kohta on esitatud Veebipoes vahetult &hellip;<\/p>\n<p class=\"read-more\"> <a class=\"thunk-readmore button\" href=\"https:\/\/teemanditikand.ee\/lv\/muugitingimused\/\"> <span class=\"screen-reader-text\">P\u0101rdo\u0161anas noteikumi<\/span>Read More<\/a><\/p>","protected":false},"author":1,"featured_media":0,"parent":0,"menu_order":0,"comment_status":"closed","ping_status":"closed","template":"","meta":{"footnotes":""},"class_list":["post-81","page","type-page","status-publish","hentry","thunk-woo-product-list","opn-qv-enable","open-woo-hover-none","open-single-product-tab-horizontal","open-shadow-","open-shadow-hover-"],"_links":{"self":[{"href":"https:\/\/teemanditikand.ee\/lv\/wp-json\/wp\/v2\/pages\/81","targetHints":{"allow":["GET"]}}],"collection":[{"href":"https:\/\/teemanditikand.ee\/lv\/wp-json\/wp\/v2\/pages"}],"about":[{"href":"https:\/\/teemanditikand.ee\/lv\/wp-json\/wp\/v2\/types\/page"}],"author":[{"embeddable":true,"href":"https:\/\/teemanditikand.ee\/lv\/wp-json\/wp\/v2\/users\/1"}],"replies":[{"embeddable":true,"href":"https:\/\/teemanditikand.ee\/lv\/wp-json\/wp\/v2\/comments?post=81"}],"version-history":[{"count":3,"href":"https:\/\/teemanditikand.ee\/lv\/wp-json\/wp\/v2\/pages\/81\/revisions"}],"predecessor-version":[{"id":13558,"href":"https:\/\/teemanditikand.ee\/lv\/wp-json\/wp\/v2\/pages\/81\/revisions\/13558"}],"wp:attachment":[{"href":"https:\/\/teemanditikand.ee\/lv\/wp-json\/wp\/v2\/media?parent=81"}],"curies":[{"name":"wp","href":"https:\/\/api.w.org\/{rel}","templated":true}]}}