{"id":9,"date":"2020-10-21T17:13:44","date_gmt":"2020-10-21T17:13:44","guid":{"rendered":"https:\/\/teemanditikand.ee\/minu-konto\/"},"modified":"2021-01-03T22:01:47","modified_gmt":"2021-01-03T20:01:47","slug":"minu-konto","status":"publish","type":"page","link":"https:\/\/teemanditikand.ee\/lv\/minu-konto\/","title":{"rendered":"Mans Konts"},"content":{"rendered":"<p>Re\u0123istr\u0113jieties k\u0101 lietot\u0101js un ietaupiet uz pirmo pirkumu 10% (kupons tiks nos\u016bt\u012bts uz e-pastu p\u0113c konta re\u0123istr\u0101cijas)<\/p>\n\n\n<div class=\"woocommerce\"><\/div>\n\n\n\n<p><\/p>","protected":false},"excerpt":{"rendered":"<p>Re\u0123istr\u0113jieties k\u0101 lietot\u0101js un ietaupiet uz pirmo pirkumu 10% (kupons tiks nos\u016bt\u012bts uz e-pastu p\u0113c konta re\u0123istr\u0101cijas)<\/p>","protected":false},"author":1,"featured_media":0,"parent":0,"menu_order":0,"comment_status":"closed","ping_status":"closed","template":"","meta":{"footnotes":""},"class_list":["post-9","page","type-page","status-publish","hentry","thunk-woo-product-list","opn-qv-enable","open-woo-hover-none","open-single-product-tab-horizontal","open-shadow-","open-shadow-hover-"],"_links":{"self":[{"href":"https:\/\/teemanditikand.ee\/lv\/wp-json\/wp\/v2\/pages\/9","targetHints":{"allow":["GET"]}}],"collection":[{"href":"https:\/\/teemanditikand.ee\/lv\/wp-json\/wp\/v2\/pages"}],"about":[{"href":"https:\/\/teemanditikand.ee\/lv\/wp-json\/wp\/v2\/types\/page"}],"author":[{"embeddable":true,"href":"https:\/\/teemanditikand.ee\/lv\/wp-json\/wp\/v2\/users\/1"}],"replies":[{"embeddable":true,"href":"https:\/\/teemanditikand.ee\/lv\/wp-json\/wp\/v2\/comments?post=9"}],"version-history":[{"count":3,"href":"https:\/\/teemanditikand.ee\/lv\/wp-json\/wp\/v2\/pages\/9\/revisions"}],"predecessor-version":[{"id":266,"href":"https:\/\/teemanditikand.ee\/lv\/wp-json\/wp\/v2\/pages\/9\/revisions\/266"}],"wp:attachment":[{"href":"https:\/\/teemanditikand.ee\/lv\/wp-json\/wp\/v2\/media?parent=9"}],"curies":[{"name":"wp","href":"https:\/\/api.w.org\/{rel}","templated":true}]}}