{"id":11418,"date":"2023-11-14T19:09:25","date_gmt":"2023-11-14T17:09:25","guid":{"rendered":"https:\/\/teemanditikand.ee\/?post_type=product&#038;p=11418"},"modified":"2025-09-24T21:03:16","modified_gmt":"2025-09-24T19:03:16","slug":"tiiger-40x50-cm","status":"publish","type":"product","link":"https:\/\/teemanditikand.ee\/lv\/products\/tiiger-40x50-cm\/","title":{"rendered":"T\u012b\u0123eris 40\u00d750 cm"},"content":{"rendered":"","protected":false},"excerpt":{"rendered":"<p><strong>Visiem m\u016bsu p\u0101rdotajiem dimanta iz\u0161uvumiem ir:<\/strong><br \/>\n<strong>Kvalitat\u012bva b\u0101ze (ar l\u012bmi), kur novieto dimantus, akrila briljantus, pamatne dimantu tur\u0113\u0161anai, mont\u0101\u017eas pildspalva ar pirkstu m\u012bkstin\u0101t\u0101ju un vasks stiprin\u0101juma pildspalvai.<\/strong><\/p>","protected":false},"featured_media":11419,"template":"","meta":[],"product_brand":[],"product_cat":[22,53],"product_tag":[],"class_list":{"0":"post-11418","1":"product","2":"type-product","3":"status-publish","4":"has-post-thumbnail","6":"product_cat-40x50cm","7":"product_cat-loomad","8":"thunk-woo-product-list","9":"opn-qv-enable","10":"open-woo-hover-none","11":"open-single-product-tab-horizontal","12":"open-shadow-","13":"open-shadow-hover-","15":"first","16":"instock","17":"sale","18":"shipping-taxable","19":"purchasable","20":"product-type-variable"},"_links":{"self":[{"href":"https:\/\/teemanditikand.ee\/lv\/wp-json\/wp\/v2\/product\/11418","targetHints":{"allow":["GET"]}}],"collection":[{"href":"https:\/\/teemanditikand.ee\/lv\/wp-json\/wp\/v2\/product"}],"about":[{"href":"https:\/\/teemanditikand.ee\/lv\/wp-json\/wp\/v2\/types\/product"}],"wp:featuredmedia":[{"embeddable":true,"href":"https:\/\/teemanditikand.ee\/lv\/wp-json\/wp\/v2\/media\/11419"}],"wp:attachment":[{"href":"https:\/\/teemanditikand.ee\/lv\/wp-json\/wp\/v2\/media?parent=11418"}],"wp:term":[{"taxonomy":"product_brand","embeddable":true,"href":"https:\/\/teemanditikand.ee\/lv\/wp-json\/wp\/v2\/product_brand?post=11418"},{"taxonomy":"product_cat","embeddable":true,"href":"https:\/\/teemanditikand.ee\/lv\/wp-json\/wp\/v2\/product_cat?post=11418"},{"taxonomy":"product_tag","embeddable":true,"href":"https:\/\/teemanditikand.ee\/lv\/wp-json\/wp\/v2\/product_tag?post=11418"}],"curies":[{"name":"wp","href":"https:\/\/api.w.org\/{rel}","templated":true}]}}