{"id":11549,"date":"2023-11-14T20:46:24","date_gmt":"2023-11-14T18:46:24","guid":{"rendered":"https:\/\/teemanditikand.ee\/?post_type=product&#038;p=11549"},"modified":"2025-01-27T15:08:47","modified_gmt":"2025-01-27T13:08:47","slug":"huntkosk-50x60-cm","status":"publish","type":"product","link":"https:\/\/teemanditikand.ee\/lv\/products\/huntkosk-50x60-cm\/","title":{"rendered":"Hunt&amp;Kosk 50\u00d760 cm"},"content":{"rendered":"","protected":false},"excerpt":{"rendered":"<p><strong>Visiem m\u016bsu p\u0101rdotajiem dimanta iz\u0161uvumiem ir:<\/strong><br \/>\n<strong>Kvalitat\u012bva b\u0101ze (ar l\u012bmi), kur novieto dimantus, akrila briljantus, pamatne dimantu tur\u0113\u0161anai, mont\u0101\u017eas pildspalva ar pirkstu m\u012bkstin\u0101t\u0101ju un vasks stiprin\u0101juma pildspalvai.<\/strong><\/p>","protected":false},"featured_media":11550,"template":"","meta":[],"product_brand":[],"product_cat":[23,53],"product_tag":[],"class_list":{"0":"post-11549","1":"product","2":"type-product","3":"status-publish","4":"has-post-thumbnail","6":"product_cat-50x60cm","7":"product_cat-loomad","8":"thunk-woo-product-list","9":"opn-qv-enable","10":"open-woo-hover-none","11":"open-single-product-tab-horizontal","12":"open-shadow-","13":"open-shadow-hover-","15":"first","16":"instock","17":"shipping-taxable","18":"purchasable","19":"product-type-simple"},"_links":{"self":[{"href":"https:\/\/teemanditikand.ee\/lv\/wp-json\/wp\/v2\/product\/11549","targetHints":{"allow":["GET"]}}],"collection":[{"href":"https:\/\/teemanditikand.ee\/lv\/wp-json\/wp\/v2\/product"}],"about":[{"href":"https:\/\/teemanditikand.ee\/lv\/wp-json\/wp\/v2\/types\/product"}],"wp:featuredmedia":[{"embeddable":true,"href":"https:\/\/teemanditikand.ee\/lv\/wp-json\/wp\/v2\/media\/11550"}],"wp:attachment":[{"href":"https:\/\/teemanditikand.ee\/lv\/wp-json\/wp\/v2\/media?parent=11549"}],"wp:term":[{"taxonomy":"product_brand","embeddable":true,"href":"https:\/\/teemanditikand.ee\/lv\/wp-json\/wp\/v2\/product_brand?post=11549"},{"taxonomy":"product_cat","embeddable":true,"href":"https:\/\/teemanditikand.ee\/lv\/wp-json\/wp\/v2\/product_cat?post=11549"},{"taxonomy":"product_tag","embeddable":true,"href":"https:\/\/teemanditikand.ee\/lv\/wp-json\/wp\/v2\/product_tag?post=11549"}],"curies":[{"name":"wp","href":"https:\/\/api.w.org\/{rel}","templated":true}]}}