{"id":11630,"date":"2023-11-15T13:36:58","date_gmt":"2023-11-15T11:36:58","guid":{"rendered":"https:\/\/teemanditikand.ee\/?post_type=product&#038;p=11630"},"modified":"2023-12-28T16:19:12","modified_gmt":"2023-12-28T14:19:12","slug":"vaike-raamat-putuka-raamat","status":"publish","type":"product","link":"https:\/\/teemanditikand.ee\/lv\/products\/vaike-raamat-putuka-raamat\/","title":{"rendered":"Maz\u0101 gr\u0101mati\u0146a *Kukai\u0146u gr\u0101mata*"},"content":{"rendered":"","protected":false},"excerpt":{"rendered":"<p>Aksesu\u0101ri ir komplekt\u0101 un j\u0101iz\u0161uj pa\u0161am<\/p>","protected":false},"featured_media":11631,"template":"","meta":[],"product_brand":[],"product_cat":[51],"product_tag":[],"class_list":{"0":"post-11630","1":"product","2":"type-product","3":"status-publish","4":"has-post-thumbnail","6":"product_cat-lastele-teemandikandid","7":"thunk-woo-product-list","8":"opn-qv-enable","9":"open-woo-hover-none","10":"open-single-product-tab-horizontal","11":"open-shadow-","12":"open-shadow-hover-","14":"first","15":"instock","16":"shipping-taxable","17":"purchasable","18":"product-type-simple"},"_links":{"self":[{"href":"https:\/\/teemanditikand.ee\/lv\/wp-json\/wp\/v2\/product\/11630","targetHints":{"allow":["GET"]}}],"collection":[{"href":"https:\/\/teemanditikand.ee\/lv\/wp-json\/wp\/v2\/product"}],"about":[{"href":"https:\/\/teemanditikand.ee\/lv\/wp-json\/wp\/v2\/types\/product"}],"wp:featuredmedia":[{"embeddable":true,"href":"https:\/\/teemanditikand.ee\/lv\/wp-json\/wp\/v2\/media\/11631"}],"wp:attachment":[{"href":"https:\/\/teemanditikand.ee\/lv\/wp-json\/wp\/v2\/media?parent=11630"}],"wp:term":[{"taxonomy":"product_brand","embeddable":true,"href":"https:\/\/teemanditikand.ee\/lv\/wp-json\/wp\/v2\/product_brand?post=11630"},{"taxonomy":"product_cat","embeddable":true,"href":"https:\/\/teemanditikand.ee\/lv\/wp-json\/wp\/v2\/product_cat?post=11630"},{"taxonomy":"product_tag","embeddable":true,"href":"https:\/\/teemanditikand.ee\/lv\/wp-json\/wp\/v2\/product_tag?post=11630"}],"curies":[{"name":"wp","href":"https:\/\/api.w.org\/{rel}","templated":true}]}}