{"id":11646,"date":"2023-11-15T14:01:28","date_gmt":"2023-11-15T12:01:28","guid":{"rendered":"https:\/\/teemanditikand.ee\/?post_type=product&#038;p=11646"},"modified":"2025-11-03T14:53:52","modified_gmt":"2025-11-03T12:53:52","slug":"8-kuumaalused-liblikad-hoidik","status":"publish","type":"product","link":"https:\/\/teemanditikand.ee\/lv\/products\/8-kuumaalused-liblikad-hoidik\/","title":{"rendered":"8 tauri\u0146i zem m\u0113ness + tur\u0113t\u0101js"},"content":{"rendered":"","protected":false},"excerpt":{"rendered":"<p>Aksesu\u0101ri ir komplekt\u0101 un j\u0101iz\u0161uj pa\u0161am<\/p>","protected":false},"featured_media":11647,"template":"","meta":[],"product_brand":[],"product_cat":[76],"product_tag":[],"class_list":{"0":"post-11646","1":"product","2":"type-product","3":"status-publish","4":"has-post-thumbnail","6":"product_cat-kuumaalused","7":"thunk-woo-product-list","8":"opn-qv-enable","9":"open-woo-hover-none","10":"open-single-product-tab-horizontal","11":"open-shadow-","12":"open-shadow-hover-","14":"first","15":"instock","16":"shipping-taxable","17":"purchasable","18":"product-type-simple"},"_links":{"self":[{"href":"https:\/\/teemanditikand.ee\/lv\/wp-json\/wp\/v2\/product\/11646","targetHints":{"allow":["GET"]}}],"collection":[{"href":"https:\/\/teemanditikand.ee\/lv\/wp-json\/wp\/v2\/product"}],"about":[{"href":"https:\/\/teemanditikand.ee\/lv\/wp-json\/wp\/v2\/types\/product"}],"wp:featuredmedia":[{"embeddable":true,"href":"https:\/\/teemanditikand.ee\/lv\/wp-json\/wp\/v2\/media\/11647"}],"wp:attachment":[{"href":"https:\/\/teemanditikand.ee\/lv\/wp-json\/wp\/v2\/media?parent=11646"}],"wp:term":[{"taxonomy":"product_brand","embeddable":true,"href":"https:\/\/teemanditikand.ee\/lv\/wp-json\/wp\/v2\/product_brand?post=11646"},{"taxonomy":"product_cat","embeddable":true,"href":"https:\/\/teemanditikand.ee\/lv\/wp-json\/wp\/v2\/product_cat?post=11646"},{"taxonomy":"product_tag","embeddable":true,"href":"https:\/\/teemanditikand.ee\/lv\/wp-json\/wp\/v2\/product_tag?post=11646"}],"curies":[{"name":"wp","href":"https:\/\/api.w.org\/{rel}","templated":true}]}}