{"id":11654,"date":"2023-11-15T14:04:57","date_gmt":"2023-11-15T12:04:57","guid":{"rendered":"https:\/\/teemanditikand.ee\/?post_type=product&#038;p=11654"},"modified":"2024-10-27T21:50:57","modified_gmt":"2024-10-27T19:50:57","slug":"10-kuumaalused-loomad-hoidik","status":"publish","type":"product","link":"https:\/\/teemanditikand.ee\/lv\/products\/10-kuumaalused-loomad-hoidik\/","title":{"rendered":"10 M\u0113ness dz\u012bvnieki + tur\u0113t\u0101js"},"content":{"rendered":"","protected":false},"excerpt":{"rendered":"<p>Aksesu\u0101ri ir komplekt\u0101 un j\u0101iz\u0161uj pa\u0161am<\/p>","protected":false},"featured_media":11655,"template":"","meta":[],"product_brand":[],"product_cat":[76],"product_tag":[],"class_list":{"0":"post-11654","1":"product","2":"type-product","3":"status-publish","4":"has-post-thumbnail","6":"product_cat-kuumaalused","7":"thunk-woo-product-list","8":"opn-qv-enable","9":"open-woo-hover-none","10":"open-single-product-tab-horizontal","11":"open-shadow-","12":"open-shadow-hover-","14":"first","15":"instock","16":"shipping-taxable","17":"purchasable","18":"product-type-simple"},"_links":{"self":[{"href":"https:\/\/teemanditikand.ee\/lv\/wp-json\/wp\/v2\/product\/11654","targetHints":{"allow":["GET"]}}],"collection":[{"href":"https:\/\/teemanditikand.ee\/lv\/wp-json\/wp\/v2\/product"}],"about":[{"href":"https:\/\/teemanditikand.ee\/lv\/wp-json\/wp\/v2\/types\/product"}],"wp:featuredmedia":[{"embeddable":true,"href":"https:\/\/teemanditikand.ee\/lv\/wp-json\/wp\/v2\/media\/11655"}],"wp:attachment":[{"href":"https:\/\/teemanditikand.ee\/lv\/wp-json\/wp\/v2\/media?parent=11654"}],"wp:term":[{"taxonomy":"product_brand","embeddable":true,"href":"https:\/\/teemanditikand.ee\/lv\/wp-json\/wp\/v2\/product_brand?post=11654"},{"taxonomy":"product_cat","embeddable":true,"href":"https:\/\/teemanditikand.ee\/lv\/wp-json\/wp\/v2\/product_cat?post=11654"},{"taxonomy":"product_tag","embeddable":true,"href":"https:\/\/teemanditikand.ee\/lv\/wp-json\/wp\/v2\/product_tag?post=11654"}],"curies":[{"name":"wp","href":"https:\/\/api.w.org\/{rel}","templated":true}]}}