{"id":11878,"date":"2023-12-08T08:58:52","date_gmt":"2023-12-08T06:58:52","guid":{"rendered":"https:\/\/teemanditikand.ee\/?post_type=product&#038;p=11878"},"modified":"2023-12-08T08:58:53","modified_gmt":"2023-12-08T06:58:53","slug":"4tk-raamatujarjehoidjad-mandalad","status":"publish","type":"product","link":"https:\/\/teemanditikand.ee\/lv\/products\/4tk-raamatujarjehoidjad-mandalad\/","title":{"rendered":"4gab Mandalu gr\u0101matz\u012bmes"},"content":{"rendered":"","protected":false},"excerpt":{"rendered":"<div class=\"woocommerce-product-details__short-description\">\n<p>J\u0101b\u016bt gatavam pa\u0161am iz\u0161\u016bt<\/p>\n<\/div>","protected":false},"featured_media":11879,"template":"","meta":[],"product_brand":[],"product_cat":[49],"product_tag":[],"class_list":{"0":"post-11878","1":"product","2":"type-product","3":"status-publish","4":"has-post-thumbnail","6":"product_cat-muud-tooted","7":"thunk-woo-product-list","8":"opn-qv-enable","9":"open-woo-hover-none","10":"open-single-product-tab-horizontal","11":"open-shadow-","12":"open-shadow-hover-","14":"first","15":"instock","16":"shipping-taxable","17":"purchasable","18":"product-type-simple"},"_links":{"self":[{"href":"https:\/\/teemanditikand.ee\/lv\/wp-json\/wp\/v2\/product\/11878","targetHints":{"allow":["GET"]}}],"collection":[{"href":"https:\/\/teemanditikand.ee\/lv\/wp-json\/wp\/v2\/product"}],"about":[{"href":"https:\/\/teemanditikand.ee\/lv\/wp-json\/wp\/v2\/types\/product"}],"wp:featuredmedia":[{"embeddable":true,"href":"https:\/\/teemanditikand.ee\/lv\/wp-json\/wp\/v2\/media\/11879"}],"wp:attachment":[{"href":"https:\/\/teemanditikand.ee\/lv\/wp-json\/wp\/v2\/media?parent=11878"}],"wp:term":[{"taxonomy":"product_brand","embeddable":true,"href":"https:\/\/teemanditikand.ee\/lv\/wp-json\/wp\/v2\/product_brand?post=11878"},{"taxonomy":"product_cat","embeddable":true,"href":"https:\/\/teemanditikand.ee\/lv\/wp-json\/wp\/v2\/product_cat?post=11878"},{"taxonomy":"product_tag","embeddable":true,"href":"https:\/\/teemanditikand.ee\/lv\/wp-json\/wp\/v2\/product_tag?post=11878"}],"curies":[{"name":"wp","href":"https:\/\/api.w.org\/{rel}","templated":true}]}}