{"id":12029,"date":"2023-12-18T12:52:27","date_gmt":"2023-12-18T10:52:27","guid":{"rendered":"https:\/\/teemanditikand.ee\/?post_type=product&#038;p=12029"},"modified":"2024-04-14T09:18:43","modified_gmt":"2024-04-14T07:18:43","slug":"tiigerkosk-100x60-cm","status":"publish","type":"product","link":"https:\/\/teemanditikand.ee\/lv\/products\/tiigerkosk-100x60-cm\/","title":{"rendered":"Tiger&amp;Waterfall 100\u00d760 cm"},"content":{"rendered":"","protected":false},"excerpt":{"rendered":"<p><strong>Visiem m\u016bsu p\u0101rdotajiem dimanta iz\u0161uvumiem ir:<\/strong><br \/>\n<strong>Kvalitat\u012bva b\u0101ze (ar l\u012bmi), kur novieto dimantus, akrila briljantus, pamatne dimantu tur\u0113\u0161anai, mont\u0101\u017eas pildspalva ar pirkstu m\u012bkstin\u0101t\u0101ju un vasks stiprin\u0101juma pildspalvai.<\/strong><\/p>","protected":false},"featured_media":6054,"template":"","meta":[],"product_brand":[],"product_cat":[46],"product_tag":[],"class_list":{"0":"post-12029","1":"product","2":"type-product","3":"status-publish","4":"has-post-thumbnail","6":"product_cat-100x50-cm","7":"thunk-woo-product-list","8":"opn-qv-enable","9":"open-woo-hover-none","10":"open-single-product-tab-horizontal","11":"open-shadow-","12":"open-shadow-hover-","14":"first","15":"instock","16":"sale","17":"shipping-taxable","18":"purchasable","19":"product-type-variable"},"_links":{"self":[{"href":"https:\/\/teemanditikand.ee\/lv\/wp-json\/wp\/v2\/product\/12029","targetHints":{"allow":["GET"]}}],"collection":[{"href":"https:\/\/teemanditikand.ee\/lv\/wp-json\/wp\/v2\/product"}],"about":[{"href":"https:\/\/teemanditikand.ee\/lv\/wp-json\/wp\/v2\/types\/product"}],"wp:featuredmedia":[{"embeddable":true,"href":"https:\/\/teemanditikand.ee\/lv\/wp-json\/wp\/v2\/media\/6054"}],"wp:attachment":[{"href":"https:\/\/teemanditikand.ee\/lv\/wp-json\/wp\/v2\/media?parent=12029"}],"wp:term":[{"taxonomy":"product_brand","embeddable":true,"href":"https:\/\/teemanditikand.ee\/lv\/wp-json\/wp\/v2\/product_brand?post=12029"},{"taxonomy":"product_cat","embeddable":true,"href":"https:\/\/teemanditikand.ee\/lv\/wp-json\/wp\/v2\/product_cat?post=12029"},{"taxonomy":"product_tag","embeddable":true,"href":"https:\/\/teemanditikand.ee\/lv\/wp-json\/wp\/v2\/product_tag?post=12029"}],"curies":[{"name":"wp","href":"https:\/\/api.w.org\/{rel}","templated":true}]}}