{"id":14896,"date":"2024-10-07T13:36:00","date_gmt":"2024-10-07T11:36:00","guid":{"rendered":"https:\/\/teemanditikand.ee\/?post_type=product&#038;p=14896"},"modified":"2024-10-15T06:20:00","modified_gmt":"2024-10-15T04:20:00","slug":"valge-ookull-40x80-cm","status":"publish","type":"product","link":"https:\/\/teemanditikand.ee\/lv\/products\/valge-ookull-40x80-cm\/","title":{"rendered":"Balt\u0101 P\u016bce 40\u00d780 cm"},"content":{"rendered":"","protected":false},"excerpt":{"rendered":"<p><strong>Visiem m\u016bsu p\u0101rdotajiem dimanta iz\u0161uvumiem ir:<\/strong><br \/>\n<strong>Augstas kvalit\u0101tes pamatne (ar l\u012bmi), kur mont\u0113 dimantus, akrila dimantus, pamatni dimantu uzglab\u0101\u0161anai, mont\u0101\u017eas pildspalvu un vasku mont\u0101\u017eas pildspalvai<\/strong><\/p>","protected":false},"featured_media":14897,"template":"","meta":[],"product_brand":[],"product_cat":[34,65],"product_tag":[],"class_list":{"0":"post-14896","1":"product","2":"type-product","3":"status-publish","4":"has-post-thumbnail","6":"product_cat-40x80-cm","7":"product_cat-linnud","8":"thunk-woo-product-list","9":"opn-qv-enable","10":"open-woo-hover-none","11":"open-single-product-tab-horizontal","12":"open-shadow-","13":"open-shadow-hover-","15":"first","16":"instock","17":"shipping-taxable","18":"purchasable","19":"product-type-simple"},"_links":{"self":[{"href":"https:\/\/teemanditikand.ee\/lv\/wp-json\/wp\/v2\/product\/14896","targetHints":{"allow":["GET"]}}],"collection":[{"href":"https:\/\/teemanditikand.ee\/lv\/wp-json\/wp\/v2\/product"}],"about":[{"href":"https:\/\/teemanditikand.ee\/lv\/wp-json\/wp\/v2\/types\/product"}],"wp:featuredmedia":[{"embeddable":true,"href":"https:\/\/teemanditikand.ee\/lv\/wp-json\/wp\/v2\/media\/14897"}],"wp:attachment":[{"href":"https:\/\/teemanditikand.ee\/lv\/wp-json\/wp\/v2\/media?parent=14896"}],"wp:term":[{"taxonomy":"product_brand","embeddable":true,"href":"https:\/\/teemanditikand.ee\/lv\/wp-json\/wp\/v2\/product_brand?post=14896"},{"taxonomy":"product_cat","embeddable":true,"href":"https:\/\/teemanditikand.ee\/lv\/wp-json\/wp\/v2\/product_cat?post=14896"},{"taxonomy":"product_tag","embeddable":true,"href":"https:\/\/teemanditikand.ee\/lv\/wp-json\/wp\/v2\/product_tag?post=14896"}],"curies":[{"name":"wp","href":"https:\/\/api.w.org\/{rel}","templated":true}]}}