{"id":14904,"date":"2024-10-07T13:39:17","date_gmt":"2024-10-07T11:39:17","guid":{"rendered":"https:\/\/teemanditikand.ee\/?post_type=product&#038;p=14904"},"modified":"2025-12-02T14:49:58","modified_gmt":"2025-12-02T12:49:58","slug":"vesiroosidkosk-40x80-cm","status":"publish","type":"product","link":"https:\/\/teemanditikand.ee\/lv\/products\/vesiroosidkosk-40x80-cm\/","title":{"rendered":"\u016adensrozes un \u016bdenskritums 40\u00d780 cm"},"content":{"rendered":"","protected":false},"excerpt":{"rendered":"<p><strong>Visiem m\u016bsu p\u0101rdotajiem dimanta iz\u0161uvumiem ir:<\/strong><br \/>\n<strong>Augstas kvalit\u0101tes pamatne (ar l\u012bmi), kur mont\u0113 dimantus, akrila dimantus, pamatni dimantu uzglab\u0101\u0161anai, mont\u0101\u017eas pildspalvu un vasku mont\u0101\u017eas pildspalvai<\/strong><\/p>","protected":false},"featured_media":14907,"template":"","meta":[],"product_brand":[],"product_cat":[34,60,56],"product_tag":[],"class_list":{"0":"post-14904","1":"product","2":"type-product","3":"status-publish","4":"has-post-thumbnail","6":"product_cat-40x80-cm","7":"product_cat-lilled","8":"product_cat-loodus","9":"thunk-woo-product-list","10":"opn-qv-enable","11":"open-woo-hover-none","12":"open-single-product-tab-horizontal","13":"open-shadow-","14":"open-shadow-hover-","16":"first","17":"instock","18":"shipping-taxable","19":"purchasable","20":"product-type-simple"},"_links":{"self":[{"href":"https:\/\/teemanditikand.ee\/lv\/wp-json\/wp\/v2\/product\/14904","targetHints":{"allow":["GET"]}}],"collection":[{"href":"https:\/\/teemanditikand.ee\/lv\/wp-json\/wp\/v2\/product"}],"about":[{"href":"https:\/\/teemanditikand.ee\/lv\/wp-json\/wp\/v2\/types\/product"}],"wp:featuredmedia":[{"embeddable":true,"href":"https:\/\/teemanditikand.ee\/lv\/wp-json\/wp\/v2\/media\/14907"}],"wp:attachment":[{"href":"https:\/\/teemanditikand.ee\/lv\/wp-json\/wp\/v2\/media?parent=14904"}],"wp:term":[{"taxonomy":"product_brand","embeddable":true,"href":"https:\/\/teemanditikand.ee\/lv\/wp-json\/wp\/v2\/product_brand?post=14904"},{"taxonomy":"product_cat","embeddable":true,"href":"https:\/\/teemanditikand.ee\/lv\/wp-json\/wp\/v2\/product_cat?post=14904"},{"taxonomy":"product_tag","embeddable":true,"href":"https:\/\/teemanditikand.ee\/lv\/wp-json\/wp\/v2\/product_tag?post=14904"}],"curies":[{"name":"wp","href":"https:\/\/api.w.org\/{rel}","templated":true}]}}