{"id":15990,"date":"2024-12-19T18:37:46","date_gmt":"2024-12-19T16:37:46","guid":{"rendered":"https:\/\/teemanditikand.ee\/?post_type=product&#038;p=15990"},"modified":"2026-03-21T14:28:41","modified_gmt":"2026-03-21T12:28:41","slug":"ullatuspilt-30x40-cm-25x35","status":"publish","type":"product","link":"https:\/\/teemanditikand.ee\/lv\/products\/ullatuspilt-30x40-cm-25x35\/","title":{"rendered":"P\u0101rsteiguma bilde 30\u00d740 cm (25\u00d735)"},"content":{"rendered":"","protected":false},"excerpt":{"rendered":"<ul>\n<li dir=\"ltr\" data-placeholder=\"T\u00f5lge\"><strong>ABON\u0112JIET UN ATKL\u0100JIET.<\/strong><br \/>\n<strong>M\u0113s nos\u016bt\u012bsim jums p\u0101rsteiguma att\u0113lu,\u00a0<\/strong><strong>Preces tagad ir noliktav\u0101!<\/strong><\/li>\n<li id=\"tw-target-text\" class=\"tw-data-text tw-text-large tw-ta\" dir=\"ltr\" data-placeholder=\"T\u00f5lge\"><strong><span class=\"Y2IQFc\" lang=\"et\">Daudz da\u017e\u0101du dizainu! Audekla izm\u0113rs: 30\u00d740 cm Att\u0113la izm\u0113rs: 25\u00d735 cm<\/span><\/strong><\/li>\n<\/ul>\n<p>Visiem m\u016bsu p\u0101rdotajiem dimanta iz\u0161uvumiem komplekt\u0101 ir: Augstas kvalit\u0101tes pamatne (ar l\u012bmi), kur mont\u0113 dimantus, akrila dimanti, pamatne dimantu uzglab\u0101\u0161anai, instal\u0101cijas pildspalva, vasks instal\u0101cijas pildspalvai<\/p>","protected":false},"featured_media":15993,"template":"","meta":[],"product_brand":[],"product_cat":[74,54,64,60,65,56,53,57,63,61],"product_tag":[],"class_list":{"0":"post-15990","1":"product","2":"type-product","3":"status-publish","4":"has-post-thumbnail","6":"product_cat-25x35-cm","7":"product_cat-fantaasia","8":"product_cat-kaunitarid","9":"product_cat-lilled","10":"product_cat-linnud","11":"product_cat-loodus","12":"product_cat-loomad","13":"product_cat-mandala","14":"product_cat-multikad","15":"product_cat-mystery","16":"thunk-woo-product-list","17":"opn-qv-enable","18":"open-woo-hover-none","19":"open-single-product-tab-horizontal","20":"open-shadow-","21":"open-shadow-hover-","23":"first","24":"instock","25":"shipping-taxable","26":"purchasable","27":"product-type-variable"},"_links":{"self":[{"href":"https:\/\/teemanditikand.ee\/lv\/wp-json\/wp\/v2\/product\/15990","targetHints":{"allow":["GET"]}}],"collection":[{"href":"https:\/\/teemanditikand.ee\/lv\/wp-json\/wp\/v2\/product"}],"about":[{"href":"https:\/\/teemanditikand.ee\/lv\/wp-json\/wp\/v2\/types\/product"}],"wp:featuredmedia":[{"embeddable":true,"href":"https:\/\/teemanditikand.ee\/lv\/wp-json\/wp\/v2\/media\/15993"}],"wp:attachment":[{"href":"https:\/\/teemanditikand.ee\/lv\/wp-json\/wp\/v2\/media?parent=15990"}],"wp:term":[{"taxonomy":"product_brand","embeddable":true,"href":"https:\/\/teemanditikand.ee\/lv\/wp-json\/wp\/v2\/product_brand?post=15990"},{"taxonomy":"product_cat","embeddable":true,"href":"https:\/\/teemanditikand.ee\/lv\/wp-json\/wp\/v2\/product_cat?post=15990"},{"taxonomy":"product_tag","embeddable":true,"href":"https:\/\/teemanditikand.ee\/lv\/wp-json\/wp\/v2\/product_tag?post=15990"}],"curies":[{"name":"wp","href":"https:\/\/api.w.org\/{rel}","templated":true}]}}