{"id":16000,"date":"2024-12-27T13:52:48","date_gmt":"2024-12-27T11:52:48","guid":{"rendered":"https:\/\/teemanditikand.ee\/?post_type=product&#038;p=16000"},"modified":"2024-12-27T13:52:48","modified_gmt":"2024-12-27T11:52:48","slug":"suur-liblikas-30x40-cm-25x35","status":"publish","type":"product","link":"https:\/\/teemanditikand.ee\/lv\/products\/suur-liblikas-30x40-cm-25x35\/","title":{"rendered":"Suur Liblikas 30&#215;40 cm (25&#215;35)"},"content":{"rendered":"","protected":false},"excerpt":{"rendered":"<h4 id=\"tw-target-text\" class=\"tw-data-text tw-text-large tw-ta\" dir=\"ltr\" data-placeholder=\"T\u00f5lge\"><strong><span class=\"Y2IQFc\" lang=\"et\">Audekla izm\u0113rs: 30\u00d740 cm Att\u0113la izm\u0113rs: 25\u00d735 cm<\/span><\/strong><\/h4>\n<p>Visiem m\u016bsu p\u0101rdotajiem dimanta iz\u0161uvumiem komplekt\u0101 ir: Augstas kvalit\u0101tes pamatne (ar l\u012bmi), kur mont\u0113 dimantus, akrila dimanti, pamatne dimantu glab\u0101\u0161anai, mont\u0101\u017eas pildspalva, vaska mont\u0101\u017eas pildspalva<\/p>","protected":false},"featured_media":16001,"template":"","meta":[],"product_brand":[],"product_cat":[74,56],"product_tag":[],"class_list":{"0":"post-16000","1":"product","2":"type-product","3":"status-publish","4":"has-post-thumbnail","6":"product_cat-25x35-cm","7":"product_cat-loodus","8":"thunk-woo-product-list","9":"opn-qv-enable","10":"open-woo-hover-none","11":"open-single-product-tab-horizontal","12":"open-shadow-","13":"open-shadow-hover-","15":"first","16":"instock","17":"shipping-taxable","18":"purchasable","19":"product-type-simple"},"_links":{"self":[{"href":"https:\/\/teemanditikand.ee\/lv\/wp-json\/wp\/v2\/product\/16000","targetHints":{"allow":["GET"]}}],"collection":[{"href":"https:\/\/teemanditikand.ee\/lv\/wp-json\/wp\/v2\/product"}],"about":[{"href":"https:\/\/teemanditikand.ee\/lv\/wp-json\/wp\/v2\/types\/product"}],"wp:featuredmedia":[{"embeddable":true,"href":"https:\/\/teemanditikand.ee\/lv\/wp-json\/wp\/v2\/media\/16001"}],"wp:attachment":[{"href":"https:\/\/teemanditikand.ee\/lv\/wp-json\/wp\/v2\/media?parent=16000"}],"wp:term":[{"taxonomy":"product_brand","embeddable":true,"href":"https:\/\/teemanditikand.ee\/lv\/wp-json\/wp\/v2\/product_brand?post=16000"},{"taxonomy":"product_cat","embeddable":true,"href":"https:\/\/teemanditikand.ee\/lv\/wp-json\/wp\/v2\/product_cat?post=16000"},{"taxonomy":"product_tag","embeddable":true,"href":"https:\/\/teemanditikand.ee\/lv\/wp-json\/wp\/v2\/product_tag?post=16000"}],"curies":[{"name":"wp","href":"https:\/\/api.w.org\/{rel}","templated":true}]}}