{"id":16649,"date":"2025-02-06T09:05:39","date_gmt":"2025-02-06T07:05:39","guid":{"rendered":"https:\/\/teemanditikand.ee\/?post_type=product&#038;p=16649"},"modified":"2026-03-22T15:31:57","modified_gmt":"2026-03-22T13:31:57","slug":"must-kass-40x40-cm-35x35-2","status":"publish","type":"product","link":"https:\/\/teemanditikand.ee\/lv\/products\/must-kass-40x40-cm-35x35-2\/","title":{"rendered":"Melns ka\u0137is 40\u00d740 cm (35\u00d735)"},"content":{"rendered":"","protected":false},"excerpt":{"rendered":"<h4 id=\"tw-target-text\" class=\"tw-data-text tw-text-large tw-ta\" dir=\"ltr\" data-placeholder=\"T\u00f5lge\"><strong><span class=\"Y2IQFc\" lang=\"et\">Audekla izm\u0113rs: 40\u00d740 cm Att\u0113la izm\u0113rs: 35\u00d735 cm<\/span><\/strong><\/h4>\n<p>Visiem m\u016bsu p\u0101rdotajiem dimanta iz\u0161uvumiem komplekt\u0101 ir: Augstas kvalit\u0101tes pamatne (ar l\u012bmi), kur mont\u0113 dimantus, akrila dimanti, pamatne dimantu uzglab\u0101\u0161anai, instal\u0101cijas pildspalva, vasks instal\u0101cijas pildspalvai<\/p>","protected":false},"featured_media":16652,"template":"","meta":[],"product_brand":[],"product_cat":[21,53],"product_tag":[],"class_list":{"0":"post-16649","1":"product","2":"type-product","3":"status-publish","4":"has-post-thumbnail","6":"product_cat-40x40cm","7":"product_cat-loomad","8":"thunk-woo-product-list","9":"opn-qv-enable","10":"open-woo-hover-none","11":"open-single-product-tab-horizontal","12":"open-shadow-","13":"open-shadow-hover-","15":"first","16":"instock","17":"sale","18":"shipping-taxable","19":"purchasable","20":"product-type-simple"},"_links":{"self":[{"href":"https:\/\/teemanditikand.ee\/lv\/wp-json\/wp\/v2\/product\/16649","targetHints":{"allow":["GET"]}}],"collection":[{"href":"https:\/\/teemanditikand.ee\/lv\/wp-json\/wp\/v2\/product"}],"about":[{"href":"https:\/\/teemanditikand.ee\/lv\/wp-json\/wp\/v2\/types\/product"}],"wp:featuredmedia":[{"embeddable":true,"href":"https:\/\/teemanditikand.ee\/lv\/wp-json\/wp\/v2\/media\/16652"}],"wp:attachment":[{"href":"https:\/\/teemanditikand.ee\/lv\/wp-json\/wp\/v2\/media?parent=16649"}],"wp:term":[{"taxonomy":"product_brand","embeddable":true,"href":"https:\/\/teemanditikand.ee\/lv\/wp-json\/wp\/v2\/product_brand?post=16649"},{"taxonomy":"product_cat","embeddable":true,"href":"https:\/\/teemanditikand.ee\/lv\/wp-json\/wp\/v2\/product_cat?post=16649"},{"taxonomy":"product_tag","embeddable":true,"href":"https:\/\/teemanditikand.ee\/lv\/wp-json\/wp\/v2\/product_tag?post=16649"}],"curies":[{"name":"wp","href":"https:\/\/api.w.org\/{rel}","templated":true}]}}