{"id":16718,"date":"2025-02-19T13:25:51","date_gmt":"2025-02-19T11:25:51","guid":{"rendered":"https:\/\/teemanditikand.ee\/?post_type=product&#038;p=16718"},"modified":"2026-01-05T15:34:15","modified_gmt":"2026-01-05T13:34:15","slug":"ullatuspilt-40x40-cm-35x35viimane-saadaval","status":"publish","type":"product","link":"https:\/\/teemanditikand.ee\/lv\/products\/ullatuspilt-40x40-cm-35x35viimane-saadaval\/","title":{"rendered":"\u00dcllatuspilt 40&#215;40 cm (35&#215;35)"},"content":{"rendered":"","protected":false},"excerpt":{"rendered":"<ul>\n<li dir=\"ltr\" data-placeholder=\"T\u00f5lge\"><strong>ABON\u0112JIET UN ATKL\u0100JIET.<\/strong><br \/>\n<strong>M\u0113s nos\u016bt\u012bsim jums p\u0101rsteiguma att\u0113lu, <\/strong><strong>on kohe laos olemas!<\/strong><\/li>\n<li id=\"tw-target-text\" class=\"tw-data-text tw-text-large tw-ta\" dir=\"ltr\" data-placeholder=\"T\u00f5lge\"><strong><span class=\"Y2IQFc\" lang=\"et\">Palju erinevaid disaine! L\u00f5uendi suurus: 40\u00d740 cm Pildi suurus: 35\u00d735 cm<\/span><\/strong><\/li>\n<\/ul>\n<p>Visiem m\u016bsu p\u0101rdotajiem dimanta iz\u0161uvumiem komplekt\u0101 ir: Augstas kvalit\u0101tes pamatne (ar l\u012bmi), kur mont\u0113 dimantus, akrila dimanti, pamatne dimantu uzglab\u0101\u0161anai, instal\u0101cijas pildspalva, vasks instal\u0101cijas pildspalvai<\/p>","protected":false},"featured_media":16720,"template":"","meta":[],"product_brand":[],"product_cat":[21,56],"product_tag":[],"class_list":{"0":"post-16718","1":"product","2":"type-product","3":"status-publish","4":"has-post-thumbnail","6":"product_cat-40x40cm","7":"product_cat-loodus","8":"thunk-woo-product-list","9":"opn-qv-enable","10":"open-woo-hover-none","11":"open-single-product-tab-horizontal","12":"open-shadow-","13":"open-shadow-hover-","15":"first","16":"instock","17":"shipping-taxable","18":"purchasable","19":"product-type-simple"},"_links":{"self":[{"href":"https:\/\/teemanditikand.ee\/lv\/wp-json\/wp\/v2\/product\/16718","targetHints":{"allow":["GET"]}}],"collection":[{"href":"https:\/\/teemanditikand.ee\/lv\/wp-json\/wp\/v2\/product"}],"about":[{"href":"https:\/\/teemanditikand.ee\/lv\/wp-json\/wp\/v2\/types\/product"}],"wp:featuredmedia":[{"embeddable":true,"href":"https:\/\/teemanditikand.ee\/lv\/wp-json\/wp\/v2\/media\/16720"}],"wp:attachment":[{"href":"https:\/\/teemanditikand.ee\/lv\/wp-json\/wp\/v2\/media?parent=16718"}],"wp:term":[{"taxonomy":"product_brand","embeddable":true,"href":"https:\/\/teemanditikand.ee\/lv\/wp-json\/wp\/v2\/product_brand?post=16718"},{"taxonomy":"product_cat","embeddable":true,"href":"https:\/\/teemanditikand.ee\/lv\/wp-json\/wp\/v2\/product_cat?post=16718"},{"taxonomy":"product_tag","embeddable":true,"href":"https:\/\/teemanditikand.ee\/lv\/wp-json\/wp\/v2\/product_tag?post=16718"}],"curies":[{"name":"wp","href":"https:\/\/api.w.org\/{rel}","templated":true}]}}