{"id":17313,"date":"2025-03-02T22:25:05","date_gmt":"2025-03-02T20:25:05","guid":{"rendered":"https:\/\/teemanditikand.ee\/?post_type=product&#038;p=17313"},"modified":"2025-03-02T22:25:05","modified_gmt":"2025-03-02T20:25:05","slug":"lovileopardid-50x50-cm-45x45","status":"publish","type":"product","link":"https:\/\/teemanditikand.ee\/lv\/products\/lovileopardid-50x50-cm-45x45\/","title":{"rendered":"L\u00f5vi&#038;Leopardid 50&#215;50 cm (45&#215;45)"},"content":{"rendered":"","protected":false},"excerpt":{"rendered":"<h4 id=\"tw-target-text\" class=\"tw-data-text tw-text-large tw-ta\" dir=\"ltr\" data-placeholder=\"T\u00f5lge\"><strong><span class=\"Y2IQFc\" lang=\"et\">Audekla izm\u0113rs: 50\u00d750 cm Att\u0113la izm\u0113rs: 45\u00d745 cm<\/span><\/strong><\/h4>\n<p>Visiem m\u016bsu p\u0101rdotajiem dimanta iz\u0161uvumiem komplekt\u0101 ir: Augstas kvalit\u0101tes pamatne (ar l\u012bmi), kur mont\u0113 dimantus, akrila dimanti, pamatne dimantu uzglab\u0101\u0161anai, instal\u0101cijas pildspalva, vasks instal\u0101cijas pildspalvai<\/p>","protected":false},"featured_media":17314,"template":"","meta":[],"product_brand":[],"product_cat":[25,53],"product_tag":[],"class_list":{"0":"post-17313","1":"product","2":"type-product","3":"status-publish","4":"has-post-thumbnail","6":"product_cat-50x50cm","7":"product_cat-loomad","8":"thunk-woo-product-list","9":"opn-qv-enable","10":"open-woo-hover-none","11":"open-single-product-tab-horizontal","12":"open-shadow-","13":"open-shadow-hover-","15":"first","16":"instock","17":"shipping-taxable","18":"purchasable","19":"product-type-simple"},"_links":{"self":[{"href":"https:\/\/teemanditikand.ee\/lv\/wp-json\/wp\/v2\/product\/17313","targetHints":{"allow":["GET"]}}],"collection":[{"href":"https:\/\/teemanditikand.ee\/lv\/wp-json\/wp\/v2\/product"}],"about":[{"href":"https:\/\/teemanditikand.ee\/lv\/wp-json\/wp\/v2\/types\/product"}],"wp:featuredmedia":[{"embeddable":true,"href":"https:\/\/teemanditikand.ee\/lv\/wp-json\/wp\/v2\/media\/17314"}],"wp:attachment":[{"href":"https:\/\/teemanditikand.ee\/lv\/wp-json\/wp\/v2\/media?parent=17313"}],"wp:term":[{"taxonomy":"product_brand","embeddable":true,"href":"https:\/\/teemanditikand.ee\/lv\/wp-json\/wp\/v2\/product_brand?post=17313"},{"taxonomy":"product_cat","embeddable":true,"href":"https:\/\/teemanditikand.ee\/lv\/wp-json\/wp\/v2\/product_cat?post=17313"},{"taxonomy":"product_tag","embeddable":true,"href":"https:\/\/teemanditikand.ee\/lv\/wp-json\/wp\/v2\/product_tag?post=17313"}],"curies":[{"name":"wp","href":"https:\/\/api.w.org\/{rel}","templated":true}]}}