{"id":17439,"date":"2025-03-11T13:03:31","date_gmt":"2025-03-11T11:03:31","guid":{"rendered":"https:\/\/teemanditikand.ee\/?post_type=product&#038;p=17439"},"modified":"2025-04-09T16:59:56","modified_gmt":"2025-04-09T14:59:56","slug":"peatselt-saabuv-papagoid-30x50-cm","status":"publish","type":"product","link":"https:\/\/teemanditikand.ee\/lv\/products\/peatselt-saabuv-papagoid-30x50-cm\/","title":{"rendered":"Papagai\u013ci 30\u00d750 cm"},"content":{"rendered":"","protected":false},"excerpt":{"rendered":"<p><strong>Visiem m\u016bsu p\u0101rdotajiem dimanta iz\u0161uvumiem ir:<\/strong><br \/>\n<strong>Augstas kvalit\u0101tes pamatne (ar l\u012bmi), kur mont\u0113t dimantus, akrila dimantus, dimantu glab\u0101\u0161anas pamatne, mont\u0101\u017eas pildspalva ar pirkstu amortiz\u0101ciju un vasks mont\u0101\u017eas pildspalvai<\/strong><\/p>","protected":false},"featured_media":17440,"template":"","meta":[],"product_brand":[],"product_cat":[31,65],"product_tag":[],"class_list":{"0":"post-17439","1":"product","2":"type-product","3":"status-publish","4":"has-post-thumbnail","6":"product_cat-30x50-cm-2","7":"product_cat-linnud","8":"thunk-woo-product-list","9":"opn-qv-enable","10":"open-woo-hover-none","11":"open-single-product-tab-horizontal","12":"open-shadow-","13":"open-shadow-hover-","15":"first","16":"instock","17":"shipping-taxable","18":"purchasable","19":"product-type-simple"},"_links":{"self":[{"href":"https:\/\/teemanditikand.ee\/lv\/wp-json\/wp\/v2\/product\/17439","targetHints":{"allow":["GET"]}}],"collection":[{"href":"https:\/\/teemanditikand.ee\/lv\/wp-json\/wp\/v2\/product"}],"about":[{"href":"https:\/\/teemanditikand.ee\/lv\/wp-json\/wp\/v2\/types\/product"}],"wp:featuredmedia":[{"embeddable":true,"href":"https:\/\/teemanditikand.ee\/lv\/wp-json\/wp\/v2\/media\/17440"}],"wp:attachment":[{"href":"https:\/\/teemanditikand.ee\/lv\/wp-json\/wp\/v2\/media?parent=17439"}],"wp:term":[{"taxonomy":"product_brand","embeddable":true,"href":"https:\/\/teemanditikand.ee\/lv\/wp-json\/wp\/v2\/product_brand?post=17439"},{"taxonomy":"product_cat","embeddable":true,"href":"https:\/\/teemanditikand.ee\/lv\/wp-json\/wp\/v2\/product_cat?post=17439"},{"taxonomy":"product_tag","embeddable":true,"href":"https:\/\/teemanditikand.ee\/lv\/wp-json\/wp\/v2\/product_tag?post=17439"}],"curies":[{"name":"wp","href":"https:\/\/api.w.org\/{rel}","templated":true}]}}