{"id":18809,"date":"2025-08-21T18:57:19","date_gmt":"2025-08-21T16:57:19","guid":{"rendered":"https:\/\/teemanditikand.ee\/?post_type=product&#038;p=18809"},"modified":"2025-09-12T17:30:58","modified_gmt":"2025-09-12T15:30:58","slug":"peatselt-saabuv-loodus-50x80-cm","status":"publish","type":"product","link":"https:\/\/teemanditikand.ee\/lv\/products\/peatselt-saabuv-loodus-50x80-cm\/","title":{"rendered":"KOHE OLEMAS! Loodus 50&#215;80 cm"},"content":{"rendered":"","protected":false},"excerpt":{"rendered":"<p><strong>T\u00c4HELEPANU! SAABUV TOODE! (VIIMANE SAADAVAL)<\/strong><br \/>\n<strong>\u0160\u012b prece nav m\u016bsu noliktav\u0101.<\/strong><br \/>\n<strong>EELDATAV TARNEAEG 3-5 N\u00c4DALAT. (TELLITUD \u2013 21.08)<\/strong><\/p>\n<p><strong>Visiem m\u016bsu p\u0101rdotajiem dimanta iz\u0161uvumiem ir:<\/strong><br \/>\n<strong>Augstas kvalit\u0101tes pamatne (ar l\u012bmi), kur mont\u0113t dimantus, akrila dimantus, dimantu glab\u0101\u0161anas pamatne, mont\u0101\u017eas pildspalva ar pirkstu amortiz\u0101ciju un vasks mont\u0101\u017eas pildspalvai<\/strong><\/p>","protected":false},"featured_media":18810,"template":"","meta":[],"product_brand":[],"product_cat":[45,56],"product_tag":[],"class_list":{"0":"post-18809","1":"product","2":"type-product","3":"status-publish","4":"has-post-thumbnail","6":"product_cat-50x80-cm","7":"product_cat-loodus","8":"thunk-woo-product-list","9":"opn-qv-enable","10":"open-woo-hover-none","11":"open-single-product-tab-horizontal","12":"open-shadow-","13":"open-shadow-hover-","15":"first","16":"instock","17":"shipping-taxable","18":"purchasable","19":"product-type-simple"},"_links":{"self":[{"href":"https:\/\/teemanditikand.ee\/lv\/wp-json\/wp\/v2\/product\/18809","targetHints":{"allow":["GET"]}}],"collection":[{"href":"https:\/\/teemanditikand.ee\/lv\/wp-json\/wp\/v2\/product"}],"about":[{"href":"https:\/\/teemanditikand.ee\/lv\/wp-json\/wp\/v2\/types\/product"}],"wp:featuredmedia":[{"embeddable":true,"href":"https:\/\/teemanditikand.ee\/lv\/wp-json\/wp\/v2\/media\/18810"}],"wp:attachment":[{"href":"https:\/\/teemanditikand.ee\/lv\/wp-json\/wp\/v2\/media?parent=18809"}],"wp:term":[{"taxonomy":"product_brand","embeddable":true,"href":"https:\/\/teemanditikand.ee\/lv\/wp-json\/wp\/v2\/product_brand?post=18809"},{"taxonomy":"product_cat","embeddable":true,"href":"https:\/\/teemanditikand.ee\/lv\/wp-json\/wp\/v2\/product_cat?post=18809"},{"taxonomy":"product_tag","embeddable":true,"href":"https:\/\/teemanditikand.ee\/lv\/wp-json\/wp\/v2\/product_tag?post=18809"}],"curies":[{"name":"wp","href":"https:\/\/api.w.org\/{rel}","templated":true}]}}