{"id":18896,"date":"2025-09-15T12:12:45","date_gmt":"2025-09-15T10:12:45","guid":{"rendered":"https:\/\/teemanditikand.ee\/?post_type=product&#038;p=18896"},"modified":"2025-09-15T12:12:45","modified_gmt":"2025-09-15T10:12:45","slug":"varviline-lind-30x40-cm-25x35","status":"publish","type":"product","link":"https:\/\/teemanditikand.ee\/lv\/products\/varviline-lind-30x40-cm-25x35\/","title":{"rendered":"V\u00e4rviline Lind 30&#215;40 cm (25&#215;35)"},"content":{"rendered":"","protected":false},"excerpt":{"rendered":"<p><strong>Visiem m\u016bsu p\u0101rdotajiem dimanta iz\u0161uvumiem ir:<\/strong><br \/>\n<strong>Augstas kvalit\u0101tes pamatne (ar l\u012bmi), kur mont\u0113t dimantus, akrila dimantus, dimantu glab\u0101\u0161anas pamatne, mont\u0101\u017eas pildspalva ar pirkstu amortiz\u0101ciju un vasks mont\u0101\u017eas pildspalvai<\/strong><\/p>","protected":false},"featured_media":18897,"template":"","meta":[],"product_brand":[],"product_cat":[74,20,65],"product_tag":[],"class_list":{"0":"post-18896","1":"product","2":"type-product","3":"status-publish","4":"has-post-thumbnail","6":"product_cat-25x35-cm","7":"product_cat-30x40cm","8":"product_cat-linnud","9":"thunk-woo-product-list","10":"opn-qv-enable","11":"open-woo-hover-none","12":"open-single-product-tab-horizontal","13":"open-shadow-","14":"open-shadow-hover-","16":"first","17":"instock","18":"shipping-taxable","19":"purchasable","20":"product-type-simple"},"_links":{"self":[{"href":"https:\/\/teemanditikand.ee\/lv\/wp-json\/wp\/v2\/product\/18896","targetHints":{"allow":["GET"]}}],"collection":[{"href":"https:\/\/teemanditikand.ee\/lv\/wp-json\/wp\/v2\/product"}],"about":[{"href":"https:\/\/teemanditikand.ee\/lv\/wp-json\/wp\/v2\/types\/product"}],"wp:featuredmedia":[{"embeddable":true,"href":"https:\/\/teemanditikand.ee\/lv\/wp-json\/wp\/v2\/media\/18897"}],"wp:attachment":[{"href":"https:\/\/teemanditikand.ee\/lv\/wp-json\/wp\/v2\/media?parent=18896"}],"wp:term":[{"taxonomy":"product_brand","embeddable":true,"href":"https:\/\/teemanditikand.ee\/lv\/wp-json\/wp\/v2\/product_brand?post=18896"},{"taxonomy":"product_cat","embeddable":true,"href":"https:\/\/teemanditikand.ee\/lv\/wp-json\/wp\/v2\/product_cat?post=18896"},{"taxonomy":"product_tag","embeddable":true,"href":"https:\/\/teemanditikand.ee\/lv\/wp-json\/wp\/v2\/product_tag?post=18896"}],"curies":[{"name":"wp","href":"https:\/\/api.w.org\/{rel}","templated":true}]}}