{"id":19231,"date":"2025-09-30T12:41:18","date_gmt":"2025-09-30T10:41:18","guid":{"rendered":"https:\/\/teemanditikand.ee\/?post_type=product&#038;p=19231"},"modified":"2025-10-03T20:36:59","modified_gmt":"2025-10-03T18:36:59","slug":"tellimisega-huntkosk-60x60-cm","status":"publish","type":"product","link":"https:\/\/teemanditikand.ee\/lv\/products\/tellimisega-huntkosk-60x60-cm\/","title":{"rendered":"TELLIMISEGA! Hunt&#038;Kosk 60&#215;60 cm"},"content":{"rendered":"","protected":false},"excerpt":{"rendered":"<div class=\"user-content\">\n<div>\n<div class=\"content-with-translation\">\n<div class=\"session-translate util-clearfix\"><strong>UZMAN\u012aBU! <\/strong><\/div>\n<div class=\"session-translate util-clearfix\"><strong>\u0160\u012b prece nav m\u016bsu noliktav\u0101 uz vietas, prece tiek izgatavota p\u0113c pas\u016bt\u012bjuma.<\/strong><br \/>\n<strong>EELDATAV TARNEAEG 3-4 N\u00c4DALAT.<\/strong><\/div>\n<\/div>\n<\/div>\n<\/div>\n<div class=\"message-flow-menu-box rec\">\n<p>Visiem m\u016bsu p\u0101rdotajiem dimanta iz\u0161uvumiem ir:<br \/>\nAugstas kvalit\u0101tes pamatne (ar l\u012bmi), kur mont\u0113t dimantus, akrila dimantus, dimantu glab\u0101\u0161anas pamatne, mont\u0101\u017eas pildspalva ar pirkstu amortiz\u0101ciju un vasks mont\u0101\u017eas pildspalvai<\/p>\n<\/div>","protected":false},"featured_media":19234,"template":"","meta":[],"product_brand":[],"product_cat":[60,56,53,75],"product_tag":[],"class_list":{"0":"post-19231","1":"product","2":"type-product","3":"status-publish","4":"has-post-thumbnail","6":"product_cat-lilled","7":"product_cat-loodus","8":"product_cat-loomad","9":"product_cat-tellimisega","10":"thunk-woo-product-list","11":"opn-qv-enable","12":"open-woo-hover-none","13":"open-single-product-tab-horizontal","14":"open-shadow-","15":"open-shadow-hover-","17":"first","18":"instock","19":"shipping-taxable","20":"purchasable","21":"product-type-variable"},"_links":{"self":[{"href":"https:\/\/teemanditikand.ee\/lv\/wp-json\/wp\/v2\/product\/19231","targetHints":{"allow":["GET"]}}],"collection":[{"href":"https:\/\/teemanditikand.ee\/lv\/wp-json\/wp\/v2\/product"}],"about":[{"href":"https:\/\/teemanditikand.ee\/lv\/wp-json\/wp\/v2\/types\/product"}],"wp:featuredmedia":[{"embeddable":true,"href":"https:\/\/teemanditikand.ee\/lv\/wp-json\/wp\/v2\/media\/19234"}],"wp:attachment":[{"href":"https:\/\/teemanditikand.ee\/lv\/wp-json\/wp\/v2\/media?parent=19231"}],"wp:term":[{"taxonomy":"product_brand","embeddable":true,"href":"https:\/\/teemanditikand.ee\/lv\/wp-json\/wp\/v2\/product_brand?post=19231"},{"taxonomy":"product_cat","embeddable":true,"href":"https:\/\/teemanditikand.ee\/lv\/wp-json\/wp\/v2\/product_cat?post=19231"},{"taxonomy":"product_tag","embeddable":true,"href":"https:\/\/teemanditikand.ee\/lv\/wp-json\/wp\/v2\/product_tag?post=19231"}],"curies":[{"name":"wp","href":"https:\/\/api.w.org\/{rel}","templated":true}]}}