{"id":19304,"date":"2025-10-01T18:02:22","date_gmt":"2025-10-01T16:02:22","guid":{"rendered":"https:\/\/teemanditikand.ee\/?post_type=product&#038;p=19304"},"modified":"2025-11-12T14:30:51","modified_gmt":"2025-11-12T12:30:51","slug":"tellimisega-lilled-korvis-100x50-cm","status":"publish","type":"product","link":"https:\/\/teemanditikand.ee\/lv\/products\/tellimisega-lilled-korvis-100x50-cm\/","title":{"rendered":"TELLIMISEGA! Lilled Korvis 100&#215;50 cm"},"content":{"rendered":"","protected":false},"excerpt":{"rendered":"<div class=\"user-content\">\n<div>\n<div class=\"content-with-translation\">\n<div class=\"session-translate util-clearfix\"><strong>UZMAN\u012aBU!<\/strong><\/div>\n<div class=\"session-translate util-clearfix\"><strong>\u0160\u012b prece nav m\u016bsu noliktav\u0101 uz vietas, prece tiek izgatavota p\u0113c pas\u016bt\u012bjuma.<\/strong><br \/>\n<strong>EELDATAV TARNEAEG 3-4 N\u00c4DALAT.<\/strong><\/div>\n<\/div>\n<\/div>\n<\/div>\n<div class=\"message-flow-menu-box rec\">\n<p>Visiem m\u016bsu p\u0101rdotajiem dimanta iz\u0161uvumiem ir:<br \/>\nAugstas kvalit\u0101tes pamatne (ar l\u012bmi), kur mont\u0113t dimantus, akrila dimantus, dimantu glab\u0101\u0161anas pamatne, mont\u0101\u017eas pildspalva ar pirkstu amortiz\u0101ciju un vasks mont\u0101\u017eas pildspalvai<\/p>\n<\/div>","protected":false},"featured_media":19307,"template":"","meta":[],"product_brand":[],"product_cat":[46,60,75],"product_tag":[],"class_list":{"0":"post-19304","1":"product","2":"type-product","3":"status-publish","4":"has-post-thumbnail","6":"product_cat-100x50-cm","7":"product_cat-lilled","8":"product_cat-tellimisega","9":"thunk-woo-product-list","10":"opn-qv-enable","11":"open-woo-hover-none","12":"open-single-product-tab-horizontal","13":"open-shadow-","14":"open-shadow-hover-","16":"first","17":"instock","18":"shipping-taxable","19":"purchasable","20":"product-type-variable"},"_links":{"self":[{"href":"https:\/\/teemanditikand.ee\/lv\/wp-json\/wp\/v2\/product\/19304","targetHints":{"allow":["GET"]}}],"collection":[{"href":"https:\/\/teemanditikand.ee\/lv\/wp-json\/wp\/v2\/product"}],"about":[{"href":"https:\/\/teemanditikand.ee\/lv\/wp-json\/wp\/v2\/types\/product"}],"wp:featuredmedia":[{"embeddable":true,"href":"https:\/\/teemanditikand.ee\/lv\/wp-json\/wp\/v2\/media\/19307"}],"wp:attachment":[{"href":"https:\/\/teemanditikand.ee\/lv\/wp-json\/wp\/v2\/media?parent=19304"}],"wp:term":[{"taxonomy":"product_brand","embeddable":true,"href":"https:\/\/teemanditikand.ee\/lv\/wp-json\/wp\/v2\/product_brand?post=19304"},{"taxonomy":"product_cat","embeddable":true,"href":"https:\/\/teemanditikand.ee\/lv\/wp-json\/wp\/v2\/product_cat?post=19304"},{"taxonomy":"product_tag","embeddable":true,"href":"https:\/\/teemanditikand.ee\/lv\/wp-json\/wp\/v2\/product_tag?post=19304"}],"curies":[{"name":"wp","href":"https:\/\/api.w.org\/{rel}","templated":true}]}}