{"id":19546,"date":"2025-10-20T20:53:44","date_gmt":"2025-10-20T18:53:44","guid":{"rendered":"https:\/\/teemanditikand.ee\/?post_type=product&#038;p=19546"},"modified":"2025-10-20T20:53:44","modified_gmt":"2025-10-20T18:53:44","slug":"kits-30x40-cm-25x35","status":"publish","type":"product","link":"https:\/\/teemanditikand.ee\/lv\/products\/kits-30x40-cm-25x35\/","title":{"rendered":"Kits 30&#215;40 cm (25&#215;35)"},"content":{"rendered":"","protected":false},"excerpt":{"rendered":"<p><strong>Visiem m\u016bsu p\u0101rdotajiem dimanta iz\u0161uvumiem komplekt\u0101 ir: Augstas kvalit\u0101tes pamatne (ar l\u012bmi), kur mont\u0113 dimantus, akrila dimanti, pamatne dimantu uzglab\u0101\u0161anai, instal\u0101cijas pildspalva, vasks instal\u0101cijas pildspalvai<\/strong><\/p>","protected":false},"featured_media":19547,"template":"","meta":[],"product_brand":[],"product_cat":[74,20,60,53],"product_tag":[],"class_list":{"0":"post-19546","1":"product","2":"type-product","3":"status-publish","4":"has-post-thumbnail","6":"product_cat-25x35-cm","7":"product_cat-30x40cm","8":"product_cat-lilled","9":"product_cat-loomad","10":"thunk-woo-product-list","11":"opn-qv-enable","12":"open-woo-hover-none","13":"open-single-product-tab-horizontal","14":"open-shadow-","15":"open-shadow-hover-","17":"first","18":"instock","19":"shipping-taxable","20":"purchasable","21":"product-type-simple"},"_links":{"self":[{"href":"https:\/\/teemanditikand.ee\/lv\/wp-json\/wp\/v2\/product\/19546","targetHints":{"allow":["GET"]}}],"collection":[{"href":"https:\/\/teemanditikand.ee\/lv\/wp-json\/wp\/v2\/product"}],"about":[{"href":"https:\/\/teemanditikand.ee\/lv\/wp-json\/wp\/v2\/types\/product"}],"wp:featuredmedia":[{"embeddable":true,"href":"https:\/\/teemanditikand.ee\/lv\/wp-json\/wp\/v2\/media\/19547"}],"wp:attachment":[{"href":"https:\/\/teemanditikand.ee\/lv\/wp-json\/wp\/v2\/media?parent=19546"}],"wp:term":[{"taxonomy":"product_brand","embeddable":true,"href":"https:\/\/teemanditikand.ee\/lv\/wp-json\/wp\/v2\/product_brand?post=19546"},{"taxonomy":"product_cat","embeddable":true,"href":"https:\/\/teemanditikand.ee\/lv\/wp-json\/wp\/v2\/product_cat?post=19546"},{"taxonomy":"product_tag","embeddable":true,"href":"https:\/\/teemanditikand.ee\/lv\/wp-json\/wp\/v2\/product_tag?post=19546"}],"curies":[{"name":"wp","href":"https:\/\/api.w.org\/{rel}","templated":true}]}}