{"id":19608,"date":"2025-10-26T19:54:26","date_gmt":"2025-10-26T17:54:26","guid":{"rendered":"https:\/\/teemanditikand.ee\/?post_type=product&#038;p=19608"},"modified":"2025-10-26T19:54:26","modified_gmt":"2025-10-26T17:54:26","slug":"tellimisega-must-kass-50x80-cm","status":"publish","type":"product","link":"https:\/\/teemanditikand.ee\/lv\/products\/tellimisega-must-kass-50x80-cm\/","title":{"rendered":"TELLIMISEGA! Must Kass 50&#215;80 cm"},"content":{"rendered":"","protected":false},"excerpt":{"rendered":"<div class=\"user-content\">\n<div>\n<div class=\"content-with-translation\">\n<div class=\"session-translate util-clearfix\"><strong>UZMAN\u012aBU!<\/strong><\/div>\n<div class=\"session-translate util-clearfix\"><strong>\u0160\u012b prece nav m\u016bsu noliktav\u0101 uz vietas, prece tiek izgatavota p\u0113c pas\u016bt\u012bjuma.<\/strong><br \/>\n<strong>EELDATAV TARNEAEG 3-4 N\u00c4DALAT.<\/strong><\/div>\n<\/div>\n<\/div>\n<\/div>\n<div class=\"message-flow-menu-box rec\">\n<p>Visiem m\u016bsu p\u0101rdotajiem dimanta iz\u0161uvumiem ir:<br \/>\nAugstas kvalit\u0101tes pamatne (ar l\u012bmi), kur mont\u0113t dimantus, akrila dimantus, dimantu glab\u0101\u0161anas pamatne, mont\u0101\u017eas pildspalva ar pirkstu amortiz\u0101ciju un vasks mont\u0101\u017eas pildspalvai<\/p>\n<\/div>","protected":false},"featured_media":19611,"template":"","meta":[],"product_brand":[],"product_cat":[45,60,53,75],"product_tag":[],"class_list":{"0":"post-19608","1":"product","2":"type-product","3":"status-publish","4":"has-post-thumbnail","6":"product_cat-50x80-cm","7":"product_cat-lilled","8":"product_cat-loomad","9":"product_cat-tellimisega","10":"thunk-woo-product-list","11":"opn-qv-enable","12":"open-woo-hover-none","13":"open-single-product-tab-horizontal","14":"open-shadow-","15":"open-shadow-hover-","17":"first","18":"instock","19":"shipping-taxable","20":"purchasable","21":"product-type-variable"},"_links":{"self":[{"href":"https:\/\/teemanditikand.ee\/lv\/wp-json\/wp\/v2\/product\/19608","targetHints":{"allow":["GET"]}}],"collection":[{"href":"https:\/\/teemanditikand.ee\/lv\/wp-json\/wp\/v2\/product"}],"about":[{"href":"https:\/\/teemanditikand.ee\/lv\/wp-json\/wp\/v2\/types\/product"}],"wp:featuredmedia":[{"embeddable":true,"href":"https:\/\/teemanditikand.ee\/lv\/wp-json\/wp\/v2\/media\/19611"}],"wp:attachment":[{"href":"https:\/\/teemanditikand.ee\/lv\/wp-json\/wp\/v2\/media?parent=19608"}],"wp:term":[{"taxonomy":"product_brand","embeddable":true,"href":"https:\/\/teemanditikand.ee\/lv\/wp-json\/wp\/v2\/product_brand?post=19608"},{"taxonomy":"product_cat","embeddable":true,"href":"https:\/\/teemanditikand.ee\/lv\/wp-json\/wp\/v2\/product_cat?post=19608"},{"taxonomy":"product_tag","embeddable":true,"href":"https:\/\/teemanditikand.ee\/lv\/wp-json\/wp\/v2\/product_tag?post=19608"}],"curies":[{"name":"wp","href":"https:\/\/api.w.org\/{rel}","templated":true}]}}