{"id":19638,"date":"2025-10-29T15:09:18","date_gmt":"2025-10-29T13:09:18","guid":{"rendered":"https:\/\/teemanditikand.ee\/?post_type=product&#038;p=19638"},"modified":"2025-10-29T15:09:18","modified_gmt":"2025-10-29T13:09:18","slug":"panda-18x18-cm-raam-kaasas-2","status":"publish","type":"product","link":"https:\/\/teemanditikand.ee\/lv\/products\/panda-18x18-cm-raam-kaasas-2\/","title":{"rendered":"Panda 18&#215;18 cm (RAAM KAASAS)"},"content":{"rendered":"","protected":false},"excerpt":{"rendered":"<p><strong>Visiem m\u016bsu p\u0101rdotajiem dimanta iz\u0161uvumiem ir:<\/strong><br \/>\n<strong>Augstas kvalit\u0101tes pamatne (ar l\u012bmi), kur mont\u0113t dimantus, akrila dimantus, dimantu glab\u0101\u0161anas pamatne, mont\u0101\u017eas pildspalva ar pirkstu amortiz\u0101ciju un vasks mont\u0101\u017eas pildspalvai<\/strong><\/p>","protected":false},"featured_media":19639,"template":"","meta":[],"product_brand":[],"product_cat":[51],"product_tag":[],"class_list":{"0":"post-19638","1":"product","2":"type-product","3":"status-publish","4":"has-post-thumbnail","6":"product_cat-lastele-teemandikandid","7":"thunk-woo-product-list","8":"opn-qv-enable","9":"open-woo-hover-none","10":"open-single-product-tab-horizontal","11":"open-shadow-","12":"open-shadow-hover-","14":"first","15":"instock","16":"shipping-taxable","17":"purchasable","18":"product-type-simple"},"_links":{"self":[{"href":"https:\/\/teemanditikand.ee\/lv\/wp-json\/wp\/v2\/product\/19638","targetHints":{"allow":["GET"]}}],"collection":[{"href":"https:\/\/teemanditikand.ee\/lv\/wp-json\/wp\/v2\/product"}],"about":[{"href":"https:\/\/teemanditikand.ee\/lv\/wp-json\/wp\/v2\/types\/product"}],"wp:featuredmedia":[{"embeddable":true,"href":"https:\/\/teemanditikand.ee\/lv\/wp-json\/wp\/v2\/media\/19639"}],"wp:attachment":[{"href":"https:\/\/teemanditikand.ee\/lv\/wp-json\/wp\/v2\/media?parent=19638"}],"wp:term":[{"taxonomy":"product_brand","embeddable":true,"href":"https:\/\/teemanditikand.ee\/lv\/wp-json\/wp\/v2\/product_brand?post=19638"},{"taxonomy":"product_cat","embeddable":true,"href":"https:\/\/teemanditikand.ee\/lv\/wp-json\/wp\/v2\/product_cat?post=19638"},{"taxonomy":"product_tag","embeddable":true,"href":"https:\/\/teemanditikand.ee\/lv\/wp-json\/wp\/v2\/product_tag?post=19638"}],"curies":[{"name":"wp","href":"https:\/\/api.w.org\/{rel}","templated":true}]}}