{"id":19735,"date":"2025-11-09T21:25:36","date_gmt":"2025-11-09T19:25:36","guid":{"rendered":"https:\/\/teemanditikand.ee\/?post_type=product&#038;p=19735"},"modified":"2026-03-30T10:46:26","modified_gmt":"2026-03-30T08:46:26","slug":"oma-pildiga-teemantmaal-50x80-cm-2","status":"publish","type":"product","link":"https:\/\/teemanditikand.ee\/lv\/products\/oma-pildiga-teemantmaal-50x80-cm-2\/","title":{"rendered":"Dimanta glezna ar savu att\u0113lu 50\u00d780 cm"},"content":{"rendered":"","protected":false},"excerpt":{"rendered":"<p><strong>Lai pas\u016bt\u012btu dimantu ar savu att\u0113lu, veiciet pas\u016bt\u012bjumu un nos\u016btiet savu att\u0113lu mums uz e-pastu: info@teemanditikand.ee<\/strong><\/p>\n<p><strong>Iev\u0113rojiet att\u0113la kvalit\u0101ti \u2013 labas kvalit\u0101tes att\u0113ls nodro\u0161ina skaistu gala rezult\u0101tu.<\/strong><\/p>\n<p><strong>Att\u0113lu pieg\u0101des laiks ir 3-5 ned\u0113\u013cas.<\/strong><\/p>\n<p><strong>Prece nav atmaks\u0101jama.<\/strong><\/p>\n<p><strong>Visiem m\u016bsu p\u0101rdotajiem dimanta iz\u0161uvumiem ir:<\/strong><\/p>\n<p><strong>Augstas kvalit\u0101tes pamatne (ar l\u012bmi), kur novieto dimantus, akrila dimantus, pamatni dimantu tur\u0113\u0161anai, mont\u0101\u017eas pildspalvu un vaska mont\u0101\u017eas pildspalvu.<\/strong><\/p>","protected":false},"featured_media":19712,"template":"","meta":[],"product_brand":[],"product_cat":[45,58],"product_tag":[],"class_list":{"0":"post-19735","1":"product","2":"type-product","3":"status-publish","4":"has-post-thumbnail","6":"product_cat-50x80-cm","7":"product_cat-oma-pildiga-teemanditikand","8":"thunk-woo-product-list","9":"opn-qv-enable","10":"open-woo-hover-none","11":"open-single-product-tab-horizontal","12":"open-shadow-","13":"open-shadow-hover-","15":"first","16":"instock","17":"shipping-taxable","18":"purchasable","19":"product-type-variable"},"_links":{"self":[{"href":"https:\/\/teemanditikand.ee\/lv\/wp-json\/wp\/v2\/product\/19735","targetHints":{"allow":["GET"]}}],"collection":[{"href":"https:\/\/teemanditikand.ee\/lv\/wp-json\/wp\/v2\/product"}],"about":[{"href":"https:\/\/teemanditikand.ee\/lv\/wp-json\/wp\/v2\/types\/product"}],"wp:featuredmedia":[{"embeddable":true,"href":"https:\/\/teemanditikand.ee\/lv\/wp-json\/wp\/v2\/media\/19712"}],"wp:attachment":[{"href":"https:\/\/teemanditikand.ee\/lv\/wp-json\/wp\/v2\/media?parent=19735"}],"wp:term":[{"taxonomy":"product_brand","embeddable":true,"href":"https:\/\/teemanditikand.ee\/lv\/wp-json\/wp\/v2\/product_brand?post=19735"},{"taxonomy":"product_cat","embeddable":true,"href":"https:\/\/teemanditikand.ee\/lv\/wp-json\/wp\/v2\/product_cat?post=19735"},{"taxonomy":"product_tag","embeddable":true,"href":"https:\/\/teemanditikand.ee\/lv\/wp-json\/wp\/v2\/product_tag?post=19735"}],"curies":[{"name":"wp","href":"https:\/\/api.w.org\/{rel}","templated":true}]}}