{"id":19894,"date":"2025-11-30T09:35:09","date_gmt":"2025-11-30T07:35:09","guid":{"rendered":"https:\/\/teemanditikand.ee\/?post_type=product&#038;p=19894"},"modified":"2025-11-30T09:35:09","modified_gmt":"2025-11-30T07:35:09","slug":"paabulind-50x50-cm-45x45","status":"publish","type":"product","link":"https:\/\/teemanditikand.ee\/lv\/products\/paabulind-50x50-cm-45x45\/","title":{"rendered":"P\u0101vs 50\u00d750\u00a0cm (45\u00d745)"},"content":{"rendered":"","protected":false},"excerpt":{"rendered":"<p><strong>Visiem m\u016bsu p\u0101rdotajiem dimanta iz\u0161uvumiem komplekt\u0101 ir: Augstas kvalit\u0101tes pamatne (ar l\u012bmi), kur mont\u0113 dimantus, akrila dimanti, pamatne dimantu uzglab\u0101\u0161anai, instal\u0101cijas pildspalva, vasks instal\u0101cijas pildspalvai<\/strong><\/p>","protected":false},"featured_media":19895,"template":"","meta":[],"product_brand":[],"product_cat":[25,65],"product_tag":[],"class_list":{"0":"post-19894","1":"product","2":"type-product","3":"status-publish","4":"has-post-thumbnail","6":"product_cat-50x50cm","7":"product_cat-linnud","8":"thunk-woo-product-list","9":"opn-qv-enable","10":"open-woo-hover-none","11":"open-single-product-tab-horizontal","12":"open-shadow-","13":"open-shadow-hover-","15":"first","16":"instock","17":"shipping-taxable","18":"purchasable","19":"product-type-simple"},"_links":{"self":[{"href":"https:\/\/teemanditikand.ee\/lv\/wp-json\/wp\/v2\/product\/19894","targetHints":{"allow":["GET"]}}],"collection":[{"href":"https:\/\/teemanditikand.ee\/lv\/wp-json\/wp\/v2\/product"}],"about":[{"href":"https:\/\/teemanditikand.ee\/lv\/wp-json\/wp\/v2\/types\/product"}],"wp:featuredmedia":[{"embeddable":true,"href":"https:\/\/teemanditikand.ee\/lv\/wp-json\/wp\/v2\/media\/19895"}],"wp:attachment":[{"href":"https:\/\/teemanditikand.ee\/lv\/wp-json\/wp\/v2\/media?parent=19894"}],"wp:term":[{"taxonomy":"product_brand","embeddable":true,"href":"https:\/\/teemanditikand.ee\/lv\/wp-json\/wp\/v2\/product_brand?post=19894"},{"taxonomy":"product_cat","embeddable":true,"href":"https:\/\/teemanditikand.ee\/lv\/wp-json\/wp\/v2\/product_cat?post=19894"},{"taxonomy":"product_tag","embeddable":true,"href":"https:\/\/teemanditikand.ee\/lv\/wp-json\/wp\/v2\/product_tag?post=19894"}],"curies":[{"name":"wp","href":"https:\/\/api.w.org\/{rel}","templated":true}]}}