{"id":20381,"date":"2026-02-16T13:15:53","date_gmt":"2026-02-16T11:15:53","guid":{"rendered":"https:\/\/teemanditikand.ee\/?post_type=product&#038;p=20381"},"modified":"2026-02-16T13:15:53","modified_gmt":"2026-02-16T11:15:53","slug":"leopard-30x40-cm-25x35-4","status":"publish","type":"product","link":"https:\/\/teemanditikand.ee\/lv\/products\/leopard-30x40-cm-25x35-4\/","title":{"rendered":"Leopards 30\u00a0\u00d7\u00a040\u00a0cm (25\u00a0\u00d7\u00a035)"},"content":{"rendered":"","protected":false},"excerpt":{"rendered":"<p><strong>Visiem m\u016bsu p\u0101rdotajiem dimanta iz\u0161uvumiem komplekt\u0101 ir: Augstas kvalit\u0101tes pamatne (ar l\u012bmi), kur mont\u0113 dimantus, akrila dimanti, pamatne dimantu uzglab\u0101\u0161anai, instal\u0101cijas pildspalva, vasks instal\u0101cijas pildspalvai<\/strong><\/p>","protected":false},"featured_media":20382,"template":"","meta":[],"product_brand":[],"product_cat":[20,53],"product_tag":[],"class_list":{"0":"post-20381","1":"product","2":"type-product","3":"status-publish","4":"has-post-thumbnail","6":"product_cat-30x40cm","7":"product_cat-loomad","8":"thunk-woo-product-list","9":"opn-qv-enable","10":"open-woo-hover-none","11":"open-single-product-tab-horizontal","12":"open-shadow-","13":"open-shadow-hover-","15":"first","16":"instock","17":"shipping-taxable","18":"purchasable","19":"product-type-simple"},"_links":{"self":[{"href":"https:\/\/teemanditikand.ee\/lv\/wp-json\/wp\/v2\/product\/20381","targetHints":{"allow":["GET"]}}],"collection":[{"href":"https:\/\/teemanditikand.ee\/lv\/wp-json\/wp\/v2\/product"}],"about":[{"href":"https:\/\/teemanditikand.ee\/lv\/wp-json\/wp\/v2\/types\/product"}],"wp:featuredmedia":[{"embeddable":true,"href":"https:\/\/teemanditikand.ee\/lv\/wp-json\/wp\/v2\/media\/20382"}],"wp:attachment":[{"href":"https:\/\/teemanditikand.ee\/lv\/wp-json\/wp\/v2\/media?parent=20381"}],"wp:term":[{"taxonomy":"product_brand","embeddable":true,"href":"https:\/\/teemanditikand.ee\/lv\/wp-json\/wp\/v2\/product_brand?post=20381"},{"taxonomy":"product_cat","embeddable":true,"href":"https:\/\/teemanditikand.ee\/lv\/wp-json\/wp\/v2\/product_cat?post=20381"},{"taxonomy":"product_tag","embeddable":true,"href":"https:\/\/teemanditikand.ee\/lv\/wp-json\/wp\/v2\/product_tag?post=20381"}],"curies":[{"name":"wp","href":"https:\/\/api.w.org\/{rel}","templated":true}]}}