{"id":20810,"date":"2026-04-15T07:23:21","date_gmt":"2026-04-15T05:23:21","guid":{"rendered":"https:\/\/teemanditikand.ee\/?post_type=product&#038;p=20810"},"modified":"2026-04-15T07:23:21","modified_gmt":"2026-04-15T05:23:21","slug":"fantaasia-naine-30x30-cm-25x25","status":"publish","type":"product","link":"https:\/\/teemanditikand.ee\/lv\/products\/fantaasia-naine-30x30-cm-25x25\/","title":{"rendered":"Fantaasia naine 30&#215;30 cm (25&#215;25)"},"content":{"rendered":"","protected":false},"excerpt":{"rendered":"<div class=\"woocommerce-product-details__short-description\">\n<p><strong>Visiem m\u016bsu p\u0101rdotajiem dimanta iz\u0161uvumiem komplekt\u0101 ir: Augstas kvalit\u0101tes pamatne (ar l\u012bmi), kur mont\u0113 dimantus, akrila dimanti, pamatne dimantu uzglab\u0101\u0161anai, instal\u0101cijas pildspalva, vasks instal\u0101cijas pildspalvai<\/strong><\/p>\n<\/div>","protected":false},"featured_media":20811,"template":"","meta":[],"product_brand":[],"product_cat":[24,54],"product_tag":[],"class_list":{"0":"post-20810","1":"product","2":"type-product","3":"status-publish","4":"has-post-thumbnail","6":"product_cat-30x30cm","7":"product_cat-fantaasia","8":"thunk-woo-product-list","9":"opn-qv-enable","10":"open-woo-hover-none","11":"open-single-product-tab-horizontal","12":"open-shadow-","13":"open-shadow-hover-","15":"first","16":"instock","17":"shipping-taxable","18":"purchasable","19":"product-type-simple"},"_links":{"self":[{"href":"https:\/\/teemanditikand.ee\/lv\/wp-json\/wp\/v2\/product\/20810","targetHints":{"allow":["GET"]}}],"collection":[{"href":"https:\/\/teemanditikand.ee\/lv\/wp-json\/wp\/v2\/product"}],"about":[{"href":"https:\/\/teemanditikand.ee\/lv\/wp-json\/wp\/v2\/types\/product"}],"wp:featuredmedia":[{"embeddable":true,"href":"https:\/\/teemanditikand.ee\/lv\/wp-json\/wp\/v2\/media\/20811"}],"wp:attachment":[{"href":"https:\/\/teemanditikand.ee\/lv\/wp-json\/wp\/v2\/media?parent=20810"}],"wp:term":[{"taxonomy":"product_brand","embeddable":true,"href":"https:\/\/teemanditikand.ee\/lv\/wp-json\/wp\/v2\/product_brand?post=20810"},{"taxonomy":"product_cat","embeddable":true,"href":"https:\/\/teemanditikand.ee\/lv\/wp-json\/wp\/v2\/product_cat?post=20810"},{"taxonomy":"product_tag","embeddable":true,"href":"https:\/\/teemanditikand.ee\/lv\/wp-json\/wp\/v2\/product_tag?post=20810"}],"curies":[{"name":"wp","href":"https:\/\/api.w.org\/{rel}","templated":true}]}}