{"id":3922,"date":"2022-01-03T13:09:27","date_gmt":"2022-01-03T11:09:27","guid":{"rendered":"https:\/\/teemanditikand.ee\/?post_type=product&#038;p=3922"},"modified":"2025-07-14T17:56:18","modified_gmt":"2025-07-14T15:56:18","slug":"led-teemantmaal-nainehobune-30x40-cm","status":"publish","type":"product","link":"https:\/\/teemanditikand.ee\/lv\/products\/led-teemantmaal-nainehobune-30x40-cm\/","title":{"rendered":"LED dimanta glezna sieviete un zirgs 30 \u00d7 40 cm"},"content":{"rendered":"","protected":false},"excerpt":{"rendered":"<p><em>baterijas<\/em>\u00a0<em>nav iek\u013cauts.<\/em><\/p>\n<p><em>vajag pa\u0161am iz\u0161\u016bt\u00a0<img decoding=\"async\" class=\"emoji\" role=\"img\" draggable=\"false\" src=\"https:\/\/s.w.org\/images\/core\/emoji\/13.1.0\/svg\/1f642.svg\" alt=\"\ud83d\ude42\" \/><\/em><\/p>","protected":false},"featured_media":3923,"template":"","meta":[],"product_brand":[],"product_cat":[50],"product_tag":[],"class_list":{"0":"post-3922","1":"product","2":"type-product","3":"status-publish","4":"has-post-thumbnail","6":"product_cat-led-teemantmaal","7":"thunk-woo-product-list","8":"opn-qv-enable","9":"open-woo-hover-none","10":"open-single-product-tab-horizontal","11":"open-shadow-","12":"open-shadow-hover-","14":"first","15":"instock","16":"sale","17":"shipping-taxable","18":"purchasable","19":"product-type-simple"},"_links":{"self":[{"href":"https:\/\/teemanditikand.ee\/lv\/wp-json\/wp\/v2\/product\/3922","targetHints":{"allow":["GET"]}}],"collection":[{"href":"https:\/\/teemanditikand.ee\/lv\/wp-json\/wp\/v2\/product"}],"about":[{"href":"https:\/\/teemanditikand.ee\/lv\/wp-json\/wp\/v2\/types\/product"}],"wp:featuredmedia":[{"embeddable":true,"href":"https:\/\/teemanditikand.ee\/lv\/wp-json\/wp\/v2\/media\/3923"}],"wp:attachment":[{"href":"https:\/\/teemanditikand.ee\/lv\/wp-json\/wp\/v2\/media?parent=3922"}],"wp:term":[{"taxonomy":"product_brand","embeddable":true,"href":"https:\/\/teemanditikand.ee\/lv\/wp-json\/wp\/v2\/product_brand?post=3922"},{"taxonomy":"product_cat","embeddable":true,"href":"https:\/\/teemanditikand.ee\/lv\/wp-json\/wp\/v2\/product_cat?post=3922"},{"taxonomy":"product_tag","embeddable":true,"href":"https:\/\/teemanditikand.ee\/lv\/wp-json\/wp\/v2\/product_tag?post=3922"}],"curies":[{"name":"wp","href":"https:\/\/api.w.org\/{rel}","templated":true}]}}