{"id":4096,"date":"2022-01-16T14:03:32","date_gmt":"2022-01-16T12:03:32","guid":{"rendered":"https:\/\/teemanditikand.ee\/?post_type=product&#038;p=4096"},"modified":"2025-05-06T12:43:41","modified_gmt":"2025-05-06T10:43:41","slug":"otsikutega-varviline-paigalduspliiats","status":"publish","type":"product","link":"https:\/\/teemanditikand.ee\/lv\/products\/otsikutega-varviline-paigalduspliiats\/","title":{"rendered":"Kr\u0101saina mont\u0101\u017eas pildspalva ar uzga\u013ciem"},"content":{"rendered":"","protected":false},"excerpt":{"rendered":"<p>1 mont\u0101\u017eas pildspalva + 3 sprauslas.<\/p>","protected":false},"featured_media":4097,"template":"","meta":[],"product_brand":[],"product_cat":[19],"product_tag":[],"class_list":{"0":"post-4096","1":"product","2":"type-product","3":"status-publish","4":"has-post-thumbnail","6":"product_cat-akssessuaarid","7":"thunk-woo-product-list","8":"opn-qv-enable","9":"open-woo-hover-none","10":"open-single-product-tab-horizontal","11":"open-shadow-","12":"open-shadow-hover-","14":"first","15":"instock","16":"shipping-taxable","17":"purchasable","18":"product-type-simple"},"_links":{"self":[{"href":"https:\/\/teemanditikand.ee\/lv\/wp-json\/wp\/v2\/product\/4096","targetHints":{"allow":["GET"]}}],"collection":[{"href":"https:\/\/teemanditikand.ee\/lv\/wp-json\/wp\/v2\/product"}],"about":[{"href":"https:\/\/teemanditikand.ee\/lv\/wp-json\/wp\/v2\/types\/product"}],"wp:featuredmedia":[{"embeddable":true,"href":"https:\/\/teemanditikand.ee\/lv\/wp-json\/wp\/v2\/media\/4097"}],"wp:attachment":[{"href":"https:\/\/teemanditikand.ee\/lv\/wp-json\/wp\/v2\/media?parent=4096"}],"wp:term":[{"taxonomy":"product_brand","embeddable":true,"href":"https:\/\/teemanditikand.ee\/lv\/wp-json\/wp\/v2\/product_brand?post=4096"},{"taxonomy":"product_cat","embeddable":true,"href":"https:\/\/teemanditikand.ee\/lv\/wp-json\/wp\/v2\/product_cat?post=4096"},{"taxonomy":"product_tag","embeddable":true,"href":"https:\/\/teemanditikand.ee\/lv\/wp-json\/wp\/v2\/product_tag?post=4096"}],"curies":[{"name":"wp","href":"https:\/\/api.w.org\/{rel}","templated":true}]}}